{"id":10,"date":"2018-06-04T16:08:50","date_gmt":"2018-06-04T14:08:50","guid":{"rendered":"https:\/\/www.cta-tankbau.de\/?page_id=10"},"modified":"2022-08-15T11:36:09","modified_gmt":"2022-08-15T09:36:09","slug":"leistungen","status":"publish","type":"page","link":"https:\/\/www.cta-tankbau.de\/en\/leistungen\/","title":{"rendered":"Leistungen"},"content":{"rendered":"\n<div class=\"wp-block-columns is-layout-flex wp-container-core-columns-is-layout-9d6595d7 wp-block-columns-is-layout-flex\">\n<div class=\"wp-block-column is-layout-flow wp-block-column-is-layout-flow\">\n<p>Neben den einzelnen Leistungssegmenten bietet die CTA Chemie- und Tankanlagenbau grunds\u00e4tzlich Nachweis, Entwurf, Zustandsbewertung und Beratung auf dem Gebiet der Statik und Festigkeitsberechnung in folgenden Fachbereichen an:<\/p>\n\n\n\n<ul class=\"wp-block-list\"><li>Tankbau \u2013 darunter Gro\u00dftanks der Mineral\u00f6l- und Lebensmittelindustrie, Tieftemperaturtanks, W\u00e4rmespeicher und Prozessbeh\u00e4lter<\/li><li>diverse Berechnungen zu Spezialaufgaben, wie zum Beispiel Montagetechnologien f\u00fcr Tankdachmontagen, Tankumsetzungen und Tankumbauten<\/li><li>Bestimmung von Werkstoffkennwerten, Umschl\u00fcsselung und Werkstoffvergleiche<\/li><li>Auswirkungen aus Setzung und Schiefstellung<\/li><li>Erdbebenwirkungen<\/li><li>komplizierte geometrische Formen und Profilquerschnitte<\/li><li>Berechnungen im modernen Ingenieurbau<\/li><\/ul>\n\n\n\n<p>F\u00fcr die Realisierung der genannten Aufgaben setzen wir eigenentwickelte Software ein.<\/p>\n<\/div>\n\n\n\n<div class=\"wp-block-column is-layout-flow wp-block-column-is-layout-flow\">\n<p>Dar\u00fcber hinaus verwenden wir diese lizenzierten Programme:<\/p>\n\n\n\n<ul class=\"wp-block-list\"><li>PROBAD \u2013 von IBM Deutschland GmbH, Version 7.03 zur Berechnung von Druckger\u00e4ten nach AD2000-Regelwerk<\/li><li>RSTAB \u2013 von Ingenieursoftware DLUBAL Software GmbH, Version 7.04.7030 zur Berechnung von r\u00e4umlichen Stabwerkssystemen inkl. Spannungsauswertung<\/li><li>Nozzle Pro \u2013 von Paulin Research Group Texas, Version 8.5 FEM-Programm zur Berechnung von lokalen Lasten auf Schalen aus Stutzen und Tragelementen<\/li><\/ul>\n<\/div>\n<\/div>\n\n\n\n<div class=\"wp-block-cover alignfull has-light-gray-background-color has-background-dim\"><div class=\"wp-block-cover__inner-container is-layout-flow wp-block-cover-is-layout-flow\">\n<div class=\"wp-block-columns is-layout-flex wp-container-core-columns-is-layout-9d6595d7 wp-block-columns-is-layout-flex\">\n<div class=\"wp-block-column is-layout-flow wp-block-column-is-layout-flow\">\n<p class=\"has-dark-gray-color has-text-color\">F\u00fcr nachfolgende Normen und Richtlinien k\u00f6nnen wir Berechnungen durchf\u00fchren:<\/p>\n\n\n\n<ul class=\"has-dark-gray-color has-text-color wp-block-list\"><li>DIN 4119, Anpassung zur DIN 18 800 und VdT\u00dcV 960<\/li><li>DIN EN 1993-4-2<\/li><li>DIN EN 14015 und DIN EN 14620<\/li><li>DIN 4149, DIN EN 1998-4, VCI-Richtlinie Erdbeben<\/li><li>DIN 19 704 (Wasserbau)<\/li><li>API 620 und API 650<\/li><li>Belastungsnormen nach DIN und EURO-Code (inkl. Nationaler Anhang)<\/li><\/ul>\n\n\n\n<p class=\"has-dark-gray-color has-text-color\">Einen besonderen Schwerpunkt bilden Studien und Stellungnahmen zu Bestandsanlagen inkl. Zustandsbewertungen und Anforderungen bei der Umwidmung.<\/p>\n<\/div>\n\n\n\n<div class=\"wp-block-column is-layout-flow wp-block-column-is-layout-flow\">\n<p class=\"has-dark-gray-color has-text-color\">Au\u00dferdem sind wir im Arbeitskreis \u201eStehende Tanks\u201c bei Bundesverband Lagerbeh\u00e4lter e. V. vertreten und arbeiten eng mit dem DIBt zusammen, darunter bei der Zulassung \u201eLeck\u00fcberwachungssystem an Flachbodentanks\u201c. In diesem Verband sind die f\u00fchrenden Hersteller von Beh\u00e4ltern in Deutschland zusammengeschlossen.<\/p>\n<\/div>\n<\/div>\n<\/div><\/div>\n\n\n<div class='seitenauswahl'><div class='seitenauswahl-item'><a href='https:\/\/www.cta-tankbau.de\/en\/leistungen\/tankanlagenbau\/'><div class='bilderbox' style='width: 100%; height: 100%; background-image: url(https:\/\/www.cta-tankbau.de\/wp-content\/uploads\/2023\/01\/tankanlagenbau-vorschau.jpg)'><div class='seitenauswahl-icon-wrapper'><div class='seitenauswahl-icon' style='background-image: url(https:\/\/www.cta-tankbau.de\/wp-content\/uploads\/2021\/08\/tank-Kopie.svg)'><\/div><p>Wir planen, projektieren und errichten die Anlagen mittels modernster Technik, ganz nach den Anforderungen f\u00fcr den industriellen Einsatz.<\/p><p>Mehr anzeigen...<\/p><\/div><h3>Tankanlagenbau<\/h3><\/div><\/a><\/div><div class='seitenauswahl-item'><a href='https:\/\/www.cta-tankbau.de\/en\/leistungen\/tankbau\/'><div class='bilderbox' style='width: 100%; height: 100%; background-image: url(https:\/\/www.cta-tankbau.de\/wp-content\/uploads\/2021\/08\/DSC1800-leistungen-tankbau.jpg)'><div class='seitenauswahl-icon-wrapper'><div class='seitenauswahl-icon' style='background-image: url(https:\/\/www.cta-tankbau.de\/wp-content\/uploads\/2021\/09\/tank-2.svg)'><\/div><p>Als zertifiziertes Unternehmen planen und montieren wir Flachbodentanks mit Festdach oder Schwimmdach in den Normen DIN 4119, EN 14015, EN 14620 sowie API 650.<\/p><p>Mehr anzeigen...<\/p><\/div><h3>Tankbau<\/h3><\/div><\/a><\/div><div class='seitenauswahl-item'><a href='https:\/\/www.cta-tankbau.de\/en\/leistungen\/rohrleitungsbau\/'><div class='bilderbox' style='width: 100%; height: 100%; background-image: url(https:\/\/www.cta-tankbau.de\/wp-content\/uploads\/2021\/08\/DSC8932-rohrleitungsbau.jpg)'><div class='seitenauswahl-icon-wrapper'><div class='seitenauswahl-icon' style='background-image: url(https:\/\/www.cta-tankbau.de\/wp-content\/uploads\/2021\/08\/pipe.svg)'><\/div><p>Unsere Leistungen sind auf l\u00f6sungsorientierte Systeme f\u00fcr die chemische, petrochemische Industrie, die Energiewirtschaft und Spezialbranchen zugeschnitten.<\/p><p>Mehr anzeigen...<\/p><\/div><h3>Rohrleitungsbau<\/h3><\/div><\/a><\/div><div class='seitenauswahl-item'><a href='https:\/\/www.cta-tankbau.de\/en\/leistungen\/stahlbau\/'><div class='bilderbox' style='width: 100%; height: 100%; background-image: url(https:\/\/www.cta-tankbau.de\/wp-content\/uploads\/2021\/08\/20170928-_DSC9386-leistungen-stahlbau-scaled.jpg)'><div class='seitenauswahl-icon-wrapper'><div class='seitenauswahl-icon' style='background-image: url(https:\/\/www.cta-tankbau.de\/wp-content\/uploads\/2021\/08\/welding.svg)'><\/div><p>Als Spezialist f\u00fcr Tankanlagenbau decken wir auch den Bereich des damit verbundenen Stahlbaus ab.<\/p><p>Mehr anzeigen...<\/p><\/div><h3>Stahlbau<\/h3><\/div><\/a><\/div><div class='seitenauswahl-item'><a href='https:\/\/www.cta-tankbau.de\/en\/leistungen\/wartungen-und-gutachten\/'><div class='bilderbox' style='width: 100%; height: 100%; background-image: url(https:\/\/www.cta-tankbau.de\/wp-content\/uploads\/2021\/08\/DSC2631-unterseite-werkstoffpruefung-edited-1.jpg)'><div class='seitenauswahl-icon-wrapper'><div class='seitenauswahl-icon' style='background-image: url(https:\/\/www.cta-tankbau.de\/wp-content\/uploads\/2021\/08\/wrench1.svg)'><\/div><p>Wir f\u00fchren mit modernster Technik und zertifiziertem Pr\u00fcfpersonal nach EN 473 Zustandsbewertungen von Bestandsanlagen und statische Berechnungen durch.<\/p><p>Mehr anzeigen...<\/p><\/div><h3>Wartungen und Gutachten<\/h3><\/div><\/a><\/div><div class='seitenauswahl-item'><a href='https:\/\/www.cta-tankbau.de\/en\/leistungen\/werkstoffpruefung\/'><div class='bilderbox' style='width: 100%; height: 100%; background-image: url(https:\/\/www.cta-tankbau.de\/wp-content\/uploads\/2021\/08\/DSC8702-leistungen-werkstoffpruefung-scaled.jpg)'><div class='seitenauswahl-icon-wrapper'><div class='seitenauswahl-icon' style='background-image: url(https:\/\/www.cta-tankbau.de\/wp-content\/uploads\/2021\/08\/microscope-Kopie.svg)'><\/div><p>Mit modernsten Methoden und Technologie realisieren wir zerst\u00f6rungsfreie Werkstoffpr\u00fcfungen (ZfP).<\/p><p>Mehr anzeigen...<\/p><\/div><h3>Werkstoffpr\u00fcfung<\/h3><\/div><\/a><\/div><\/div>\n","protected":false},"excerpt":{"rendered":"<p>Neben den einzelnen Leistungssegmenten bietet die CTA Chemie- und Tankanlagenbau grunds\u00e4tzlich Nachweis, Entwurf, Zustandsbewertung und Beratung auf dem Gebiet der Statik und Festigkeitsberechnung in folgenden Fachbereichen an: Tankbau \u2013 darunter Gro\u00dftanks der Mineral\u00f6l- und Lebensmittelindustrie, Tieftemperaturtanks, W\u00e4rmespeicher und Prozessbeh\u00e4lter diverse Berechnungen zu Spezialaufgaben, wie zum Beispiel Montagetechnologien f\u00fcr Tankdachmontagen, Tankumsetzungen und Tankumbauten Bestimmung von Werkstoffkennwerten, [&hellip;]<\/p>\n","protected":false},"author":1,"featured_media":0,"parent":0,"menu_order":20,"comment_status":"closed","ping_status":"closed","template":"","meta":{"footnotes":""},"class_list":["post-10","page","type-page","status-publish","hentry"],"_links":{"self":[{"href":"https:\/\/www.cta-tankbau.de\/en\/wp-json\/wp\/v2\/pages\/10","targetHints":{"allow":["GET"]}}],"collection":[{"href":"https:\/\/www.cta-tankbau.de\/en\/wp-json\/wp\/v2\/pages"}],"about":[{"href":"https:\/\/www.cta-tankbau.de\/en\/wp-json\/wp\/v2\/types\/page"}],"author":[{"embeddable":true,"href":"https:\/\/www.cta-tankbau.de\/en\/wp-json\/wp\/v2\/users\/1"}],"replies":[{"embeddable":true,"href":"https:\/\/www.cta-tankbau.de\/en\/wp-json\/wp\/v2\/comments?post=10"}],"version-history":[{"count":45,"href":"https:\/\/www.cta-tankbau.de\/en\/wp-json\/wp\/v2\/pages\/10\/revisions"}],"predecessor-version":[{"id":778,"href":"https:\/\/www.cta-tankbau.de\/en\/wp-json\/wp\/v2\/pages\/10\/revisions\/778"}],"wp:attachment":[{"href":"https:\/\/www.cta-tankbau.de\/en\/wp-json\/wp\/v2\/media?parent=10"}],"curies":[{"name":"wp","href":"https:\/\/api.w.org\/{rel}","templated":true}]}}