{"id":12,"date":"2018-06-04T16:09:08","date_gmt":"2018-06-04T14:09:08","guid":{"rendered":"https:\/\/www.cta-tankbau.de\/?page_id=12"},"modified":"2023-01-13T10:19:04","modified_gmt":"2023-01-13T09:19:04","slug":"tankanlagenbau","status":"publish","type":"page","link":"https:\/\/www.cta-tankbau.de\/en\/leistungen\/tankanlagenbau\/","title":{"rendered":"Tankanlagenbau"},"content":{"rendered":"\n<div class=\"wp-block-columns is-layout-flex wp-container-core-columns-is-layout-9d6595d7 wp-block-columns-is-layout-flex\">\n<div class=\"wp-block-column is-layout-flow wp-block-column-is-layout-flow\">\n<p>Der Bau komplexer Tankanlagen erfordert neben dem Know-how erfahrener Experten modernste Technik. Computergesteuerte Schwei\u00dfanlagen mit Laserpositionierung, Floorscanner, Ultraschallmessger\u00e4te sowie intelligente Sensoren sorgen f\u00fcr effizientes Arbeiten in h\u00f6chster Qualit\u00e4t.<\/p>\n\n\n\n<p>Wir planen, projektieren und errichten die Anlagen ganz nach den Anforderungen f\u00fcr den industriellen Einsatz. Aus der einwandfreien Materialverarbeitung, dem Einsatz normgerechter Umwelttechnik, der durchdachten Arbeitsmethodik und einem stimmigen Projektmanagement resultieren Tankanlagen mit hoher Qualit\u00e4t und Funktionalit\u00e4t.<\/p>\n<\/div>\n\n\n\n<div class=\"wp-block-column is-layout-flow wp-block-column-is-layout-flow\">\n<figure class=\"wp-block-image size-large\"><img loading=\"lazy\" decoding=\"async\" width=\"1024\" height=\"683\" src=\"https:\/\/www.cta-tankbau.de\/wp-content\/uploads\/2018\/11\/unternehmen-cta-1024x683.jpg\" alt=\"\" class=\"wp-image-420\" srcset=\"https:\/\/www.cta-tankbau.de\/wp-content\/uploads\/2018\/11\/unternehmen-cta-1024x683.jpg 1024w, https:\/\/www.cta-tankbau.de\/wp-content\/uploads\/2018\/11\/unternehmen-cta-300x200.jpg 300w, https:\/\/www.cta-tankbau.de\/wp-content\/uploads\/2018\/11\/unternehmen-cta-768x512.jpg 768w, https:\/\/www.cta-tankbau.de\/wp-content\/uploads\/2018\/11\/unternehmen-cta.jpg 1200w\" sizes=\"auto, (max-width: 1024px) 100vw, 1024px\" \/><\/figure>\n<\/div>\n<\/div>\n","protected":false},"excerpt":{"rendered":"<p>Wir planen, projektieren und errichten die Anlagen mittels modernster Technik, ganz nach den Anforderungen f\u00fcr den industriellen Einsatz.<\/p>\n","protected":false},"author":1,"featured_media":411,"parent":10,"menu_order":0,"comment_status":"closed","ping_status":"closed","template":"","meta":{"footnotes":""},"class_list":["post-12","page","type-page","status-publish","has-post-thumbnail","hentry"],"_links":{"self":[{"href":"https:\/\/www.cta-tankbau.de\/en\/wp-json\/wp\/v2\/pages\/12","targetHints":{"allow":["GET"]}}],"collection":[{"href":"https:\/\/www.cta-tankbau.de\/en\/wp-json\/wp\/v2\/pages"}],"about":[{"href":"https:\/\/www.cta-tankbau.de\/en\/wp-json\/wp\/v2\/types\/page"}],"author":[{"embeddable":true,"href":"https:\/\/www.cta-tankbau.de\/en\/wp-json\/wp\/v2\/users\/1"}],"replies":[{"embeddable":true,"href":"https:\/\/www.cta-tankbau.de\/en\/wp-json\/wp\/v2\/comments?post=12"}],"version-history":[{"count":20,"href":"https:\/\/www.cta-tankbau.de\/en\/wp-json\/wp\/v2\/pages\/12\/revisions"}],"predecessor-version":[{"id":758,"href":"https:\/\/www.cta-tankbau.de\/en\/wp-json\/wp\/v2\/pages\/12\/revisions\/758"}],"up":[{"embeddable":true,"href":"https:\/\/www.cta-tankbau.de\/en\/wp-json\/wp\/v2\/pages\/10"}],"wp:featuredmedia":[{"embeddable":true,"href":"https:\/\/www.cta-tankbau.de\/en\/wp-json\/wp\/v2\/media\/411"}],"wp:attachment":[{"href":"https:\/\/www.cta-tankbau.de\/en\/wp-json\/wp\/v2\/media?parent=12"}],"curies":[{"name":"wp","href":"https:\/\/api.w.org\/{rel}","templated":true}]}}