{"id":124,"date":"2018-06-07T10:06:08","date_gmt":"2018-06-07T08:06:08","guid":{"rendered":"https:\/\/www.cta-tankbau.de\/?page_id=124"},"modified":"2023-01-10T15:26:55","modified_gmt":"2023-01-10T14:26:55","slug":"duplexstahl","status":"publish","type":"page","link":"https:\/\/www.cta-tankbau.de\/en\/werkstoffe\/duplexstahl\/","title":{"rendered":"Duplexstahl"},"content":{"rendered":"\n<div class=\"wp-block-columns is-layout-flex wp-container-core-columns-is-layout-9d6595d7 wp-block-columns-is-layout-flex\">\n<div class=\"wp-block-column is-layout-flow wp-block-column-is-layout-flow\">\n<p><strong>Austenitisch-ferritischer Duplexstahl<\/strong><\/p>\n\n\n\n<p>Duplexstahl ist durch einen zweiphasigen Gef\u00fcgeaufbau aus Ferrit und Austenit charakterisiert. Er weist eine h\u00f6here Festigkeit als rostfreier Chrom-Nickel-Stahl sowie eine h\u00f6here Dehn- und Verformbarkeit als rostfreier Chromstahl aus.<\/p>\n\n\n\n<p>Duplexstahl ist korrosions- und s\u00e4urebest\u00e4ndig. Er besitzt eine hohe Widerstandskraft insbesondere gegen Fl\u00e4chenkorrosion, Spannungsrisskorrosion und lokale Korrosion. Au\u00dferdem beg\u00fcnstigt die Stahlstruktur eine starke Resistenz gegen Korrosionserm\u00fcdung, Erosion, Abrieb und Energieabsorption. Eine geringe W\u00e4rmeausdehnung und die gute Schwei\u00dfbarkeit sind weitere Merkmale.<\/p>\n\n\n\n<p>Aufgrund dieser Eigenschaften wird Duplexstahl bevorzugt zum Beispiel in der Chemie- und in der Petrochemischen Industrie eingesetzt.<\/p>\n<\/div>\n\n\n\n<div class=\"wp-block-column is-layout-flow wp-block-column-is-layout-flow\"><\/div>\n<\/div>\n","protected":false},"excerpt":{"rendered":"<p>Austenitisch-ferritischer Duplexstahl Duplexstahl ist durch einen zweiphasigen Gef\u00fcgeaufbau aus Ferrit und Austenit charakterisiert. Er weist eine h\u00f6here Festigkeit als rostfreier Chrom-Nickel-Stahl sowie eine h\u00f6here Dehn- und Verformbarkeit als rostfreier Chromstahl aus. Duplexstahl ist korrosions- und s\u00e4urebest\u00e4ndig. Er besitzt eine hohe Widerstandskraft insbesondere gegen Fl\u00e4chenkorrosion, Spannungsrisskorrosion und lokale Korrosion. Au\u00dferdem beg\u00fcnstigt die Stahlstruktur eine starke Resistenz [&hellip;]<\/p>\n","protected":false},"author":1,"featured_media":0,"parent":26,"menu_order":30,"comment_status":"closed","ping_status":"closed","template":"","meta":{"footnotes":""},"class_list":["post-124","page","type-page","status-publish","hentry"],"_links":{"self":[{"href":"https:\/\/www.cta-tankbau.de\/en\/wp-json\/wp\/v2\/pages\/124","targetHints":{"allow":["GET"]}}],"collection":[{"href":"https:\/\/www.cta-tankbau.de\/en\/wp-json\/wp\/v2\/pages"}],"about":[{"href":"https:\/\/www.cta-tankbau.de\/en\/wp-json\/wp\/v2\/types\/page"}],"author":[{"embeddable":true,"href":"https:\/\/www.cta-tankbau.de\/en\/wp-json\/wp\/v2\/users\/1"}],"replies":[{"embeddable":true,"href":"https:\/\/www.cta-tankbau.de\/en\/wp-json\/wp\/v2\/comments?post=124"}],"version-history":[{"count":6,"href":"https:\/\/www.cta-tankbau.de\/en\/wp-json\/wp\/v2\/pages\/124\/revisions"}],"predecessor-version":[{"id":880,"href":"https:\/\/www.cta-tankbau.de\/en\/wp-json\/wp\/v2\/pages\/124\/revisions\/880"}],"up":[{"embeddable":true,"href":"https:\/\/www.cta-tankbau.de\/en\/wp-json\/wp\/v2\/pages\/26"}],"wp:attachment":[{"href":"https:\/\/www.cta-tankbau.de\/en\/wp-json\/wp\/v2\/media?parent=124"}],"curies":[{"name":"wp","href":"https:\/\/api.w.org\/{rel}","templated":true}]}}