{"id":126,"date":"2018-06-07T10:06:27","date_gmt":"2018-06-07T08:06:27","guid":{"rendered":"https:\/\/www.cta-tankbau.de\/?page_id=126"},"modified":"2023-01-10T15:26:32","modified_gmt":"2023-01-10T14:26:32","slug":"aluminium","status":"publish","type":"page","link":"https:\/\/www.cta-tankbau.de\/en\/werkstoffe\/aluminium\/","title":{"rendered":"Aluminium"},"content":{"rendered":"\n<div class=\"wp-block-columns is-layout-flex wp-container-core-columns-is-layout-9d6595d7 wp-block-columns-is-layout-flex\">\n<div class=\"wp-block-column is-layout-flow wp-block-column-is-layout-flow\">\n<p><strong>Nur f\u00fcr Tankd\u00e4cher<\/strong><\/p>\n\n\n\n<p>Das Leichtmetall Aluminium ist aufgrund seiner Eigenschaften ein vielseitig einsetzbarer Werkstoff. Aluminium ist korrosionsbest\u00e4ndig und kann \u2013 unter anderem dank der geringen Dichte \u2013 sehr leicht verarbeitet werden. Es ist langlebig und besitzt sowohl eine sehr gute elektrische Leitf\u00e4higkeit als auch eine hohe W\u00e4rmeleitf\u00e4higkeit. Im Unterschied zu vielen St\u00e4hlen und Eisen ist Aluminium nur schwach bzw. nicht magnetisch.<\/p>\n\n\n\n<p>Aluminium wird neben vielen anderen Verwendungsm\u00f6glichkeiten als Dachelement eingesetzt, zum Beispiel bei Tankd\u00e4chern.<\/p>\n<\/div>\n\n\n\n<div class=\"wp-block-column is-layout-flow wp-block-column-is-layout-flow\"><\/div>\n<\/div>\n","protected":false},"excerpt":{"rendered":"<p>Nur f\u00fcr Tankd\u00e4cher Das Leichtmetall Aluminium ist aufgrund seiner Eigenschaften ein vielseitig einsetzbarer Werkstoff. Aluminium ist korrosionsbest\u00e4ndig und kann \u2013 unter anderem dank der geringen Dichte \u2013 sehr leicht verarbeitet werden. Es ist langlebig und besitzt sowohl eine sehr gute elektrische Leitf\u00e4higkeit als auch eine hohe W\u00e4rmeleitf\u00e4higkeit. Im Unterschied zu vielen St\u00e4hlen und Eisen ist [&hellip;]<\/p>\n","protected":false},"author":1,"featured_media":0,"parent":26,"menu_order":40,"comment_status":"closed","ping_status":"closed","template":"","meta":{"footnotes":""},"class_list":["post-126","page","type-page","status-publish","hentry"],"_links":{"self":[{"href":"https:\/\/www.cta-tankbau.de\/en\/wp-json\/wp\/v2\/pages\/126","targetHints":{"allow":["GET"]}}],"collection":[{"href":"https:\/\/www.cta-tankbau.de\/en\/wp-json\/wp\/v2\/pages"}],"about":[{"href":"https:\/\/www.cta-tankbau.de\/en\/wp-json\/wp\/v2\/types\/page"}],"author":[{"embeddable":true,"href":"https:\/\/www.cta-tankbau.de\/en\/wp-json\/wp\/v2\/users\/1"}],"replies":[{"embeddable":true,"href":"https:\/\/www.cta-tankbau.de\/en\/wp-json\/wp\/v2\/comments?post=126"}],"version-history":[{"count":4,"href":"https:\/\/www.cta-tankbau.de\/en\/wp-json\/wp\/v2\/pages\/126\/revisions"}],"predecessor-version":[{"id":879,"href":"https:\/\/www.cta-tankbau.de\/en\/wp-json\/wp\/v2\/pages\/126\/revisions\/879"}],"up":[{"embeddable":true,"href":"https:\/\/www.cta-tankbau.de\/en\/wp-json\/wp\/v2\/pages\/26"}],"wp:attachment":[{"href":"https:\/\/www.cta-tankbau.de\/en\/wp-json\/wp\/v2\/media?parent=126"}],"curies":[{"name":"wp","href":"https:\/\/api.w.org\/{rel}","templated":true}]}}