{"id":14,"date":"2018-06-04T16:09:18","date_gmt":"2018-06-04T14:09:18","guid":{"rendered":"https:\/\/www.cta-tankbau.de\/?page_id=14"},"modified":"2021-09-10T11:16:07","modified_gmt":"2021-09-10T09:16:07","slug":"tankbau","status":"publish","type":"page","link":"https:\/\/www.cta-tankbau.de\/en\/leistungen\/tankbau\/","title":{"rendered":"Tankbau"},"content":{"rendered":"\n<div class=\"wp-block-columns is-layout-flex wp-container-core-columns-is-layout-9d6595d7 wp-block-columns-is-layout-flex\">\n<div class=\"wp-block-column is-layout-flow wp-block-column-is-layout-flow\">\n<p>Als zertifiziertes Unternehmen planen, projektieren und montieren wir Flachbodentanks mit Festdach und Flachbodentanks mit Schwimmdach in den Normen DIN 4119, EN 14015, EN 14620 sowie API 650.<\/p>\n\n\n\n<p>Die hohe Qualit\u00e4t unserer Erzeugnisse wird durch eine moderne Planung mit integrierten Berechnungsmethoden, begleitende Beschaffungslogistik, eine ad\u00e4quate Ger\u00e4tetechnik sowie eine flexible Montagetechnologie f\u00fcr St\u00fcck- und Hubmontagen garantiert.<\/p>\n<\/div>\n\n\n\n<div class=\"wp-block-column is-layout-flow wp-block-column-is-layout-flow\">\n<figure class=\"wp-block-image size-large\"><img loading=\"lazy\" decoding=\"async\" width=\"1118\" height=\"700\" src=\"https:\/\/www.cta-tankbau.de\/wp-content\/uploads\/2021\/08\/slide03-tankbau-edited.jpg\" alt=\"\" class=\"wp-image-682\" srcset=\"https:\/\/www.cta-tankbau.de\/wp-content\/uploads\/2021\/08\/slide03-tankbau-edited.jpg 1118w, https:\/\/www.cta-tankbau.de\/wp-content\/uploads\/2021\/08\/slide03-tankbau-edited-300x188.jpg 300w, https:\/\/www.cta-tankbau.de\/wp-content\/uploads\/2021\/08\/slide03-tankbau-edited-1024x641.jpg 1024w, https:\/\/www.cta-tankbau.de\/wp-content\/uploads\/2021\/08\/slide03-tankbau-edited-768x481.jpg 768w\" sizes=\"auto, (max-width: 1118px) 100vw, 1118px\" \/><\/figure>\n<\/div>\n<\/div>\n","protected":false},"excerpt":{"rendered":"<p>Als zertifiziertes Unternehmen planen und montieren wir Flachbodentanks mit Festdach oder Schwimmdach in den Normen DIN 4119, EN 14015, EN 14620 sowie API 650.<\/p>\n","protected":false},"author":1,"featured_media":410,"parent":10,"menu_order":10,"comment_status":"closed","ping_status":"closed","template":"","meta":{"footnotes":""},"class_list":["post-14","page","type-page","status-publish","has-post-thumbnail","hentry"],"_links":{"self":[{"href":"https:\/\/www.cta-tankbau.de\/en\/wp-json\/wp\/v2\/pages\/14","targetHints":{"allow":["GET"]}}],"collection":[{"href":"https:\/\/www.cta-tankbau.de\/en\/wp-json\/wp\/v2\/pages"}],"about":[{"href":"https:\/\/www.cta-tankbau.de\/en\/wp-json\/wp\/v2\/types\/page"}],"author":[{"embeddable":true,"href":"https:\/\/www.cta-tankbau.de\/en\/wp-json\/wp\/v2\/users\/1"}],"replies":[{"embeddable":true,"href":"https:\/\/www.cta-tankbau.de\/en\/wp-json\/wp\/v2\/comments?post=14"}],"version-history":[{"count":14,"href":"https:\/\/www.cta-tankbau.de\/en\/wp-json\/wp\/v2\/pages\/14\/revisions"}],"predecessor-version":[{"id":757,"href":"https:\/\/www.cta-tankbau.de\/en\/wp-json\/wp\/v2\/pages\/14\/revisions\/757"}],"up":[{"embeddable":true,"href":"https:\/\/www.cta-tankbau.de\/en\/wp-json\/wp\/v2\/pages\/10"}],"wp:featuredmedia":[{"embeddable":true,"href":"https:\/\/www.cta-tankbau.de\/en\/wp-json\/wp\/v2\/media\/410"}],"wp:attachment":[{"href":"https:\/\/www.cta-tankbau.de\/en\/wp-json\/wp\/v2\/media?parent=14"}],"curies":[{"name":"wp","href":"https:\/\/api.w.org\/{rel}","templated":true}]}}