{"id":18,"date":"2018-06-04T16:09:46","date_gmt":"2018-06-04T14:09:46","guid":{"rendered":"https:\/\/www.cta-tankbau.de\/?page_id=18"},"modified":"2021-09-03T11:52:03","modified_gmt":"2021-09-03T09:52:03","slug":"stahlbau","status":"publish","type":"page","link":"https:\/\/www.cta-tankbau.de\/en\/leistungen\/stahlbau\/","title":{"rendered":"Stahlbau"},"content":{"rendered":"\n<div class=\"wp-block-columns is-layout-flex wp-container-core-columns-is-layout-9d6595d7 wp-block-columns-is-layout-flex\">\n<div class=\"wp-block-column is-layout-flow wp-block-column-is-layout-flow\">\n<p>Als Spezialist f\u00fcr Tankanlagenbau decken wir auch den Bereich des damit verbundenen Stahlbaus ab.<br>Stahltanks, Stahlwannen, Stahlauffangtassen etc.: Unsere Produkte bieten absolute Gefahrensicherheit, sind T\u00dcV-gepr\u00fcft und erf\u00fcllen Jahrzehnte zuverl\u00e4ssig ihre Aufgaben.<\/p>\n\n\n\n<p>Nach Ihren individuellen Anforderungen und den gesetzlichen Bestimmungen planen wir und nehmen dabei unter anderem genaue Aufma\u00dfe auf der Baustelle. Wir liefern anschlie\u00dfend die vorgefertigten Teile bzw. Systeme und montieren alles komplett vor Ort. Auf Wunsch bieten wir Deckanstriche und Beschichtungen an.<\/p>\n<\/div>\n\n\n\n<div class=\"wp-block-column is-layout-flow wp-block-column-is-layout-flow\">\n<figure class=\"wp-block-image size-large\"><img loading=\"lazy\" decoding=\"async\" width=\"608\" height=\"380\" src=\"https:\/\/www.cta-tankbau.de\/wp-content\/uploads\/2021\/08\/gekauft_istock-182877185-edited.jpg\" alt=\"Stahlbau\" class=\"wp-image-689\" srcset=\"https:\/\/www.cta-tankbau.de\/wp-content\/uploads\/2021\/08\/gekauft_istock-182877185-edited.jpg 608w, https:\/\/www.cta-tankbau.de\/wp-content\/uploads\/2021\/08\/gekauft_istock-182877185-edited-300x188.jpg 300w\" sizes=\"auto, (max-width: 608px) 100vw, 608px\" \/><\/figure>\n<\/div>\n<\/div>\n","protected":false},"excerpt":{"rendered":"<p>Als Spezialist f\u00fcr Tankanlagenbau decken wir auch den Bereich des damit verbundenen Stahlbaus ab.<\/p>\n","protected":false},"author":1,"featured_media":83,"parent":10,"menu_order":30,"comment_status":"closed","ping_status":"closed","template":"","meta":{"footnotes":""},"class_list":["post-18","page","type-page","status-publish","has-post-thumbnail","hentry"],"_links":{"self":[{"href":"https:\/\/www.cta-tankbau.de\/en\/wp-json\/wp\/v2\/pages\/18","targetHints":{"allow":["GET"]}}],"collection":[{"href":"https:\/\/www.cta-tankbau.de\/en\/wp-json\/wp\/v2\/pages"}],"about":[{"href":"https:\/\/www.cta-tankbau.de\/en\/wp-json\/wp\/v2\/types\/page"}],"author":[{"embeddable":true,"href":"https:\/\/www.cta-tankbau.de\/en\/wp-json\/wp\/v2\/users\/1"}],"replies":[{"embeddable":true,"href":"https:\/\/www.cta-tankbau.de\/en\/wp-json\/wp\/v2\/comments?post=18"}],"version-history":[{"count":9,"href":"https:\/\/www.cta-tankbau.de\/en\/wp-json\/wp\/v2\/pages\/18\/revisions"}],"predecessor-version":[{"id":754,"href":"https:\/\/www.cta-tankbau.de\/en\/wp-json\/wp\/v2\/pages\/18\/revisions\/754"}],"up":[{"embeddable":true,"href":"https:\/\/www.cta-tankbau.de\/en\/wp-json\/wp\/v2\/pages\/10"}],"wp:featuredmedia":[{"embeddable":true,"href":"https:\/\/www.cta-tankbau.de\/en\/wp-json\/wp\/v2\/media\/83"}],"wp:attachment":[{"href":"https:\/\/www.cta-tankbau.de\/en\/wp-json\/wp\/v2\/media?parent=18"}],"curies":[{"name":"wp","href":"https:\/\/api.w.org\/{rel}","templated":true}]}}