{"id":26,"date":"2018-06-04T16:11:00","date_gmt":"2018-06-04T14:11:00","guid":{"rendered":"https:\/\/www.cta-tankbau.de\/?page_id=26"},"modified":"2021-08-13T16:38:31","modified_gmt":"2021-08-13T14:38:31","slug":"werkstoffe","status":"publish","type":"page","link":"https:\/\/www.cta-tankbau.de\/en\/werkstoffe\/","title":{"rendered":"Werkstoffe"},"content":{"rendered":"\n<div class=\"wp-block-columns is-layout-flex wp-container-core-columns-is-layout-9d6595d7 wp-block-columns-is-layout-flex\">\n<div class=\"wp-block-column is-layout-flow wp-block-column-is-layout-flow\">\n<p>F\u00fcr unsere Produkte setzen wir normgerechte, bew\u00e4hrte und nachhaltige Qualit\u00e4tsmaterialien ein: Baustahl, Edelstahl, Duplexstahl und Aluminium.<\/p>\n\n\n\n<p>Damit k\u00f6nnen wir Funktionsf\u00e4higkeit und Langlebigkeit garantieren.<\/p>\n\n\n\n<p><strong>\u00dcbersicht:<\/strong><\/p>\n\n\n\n<ul class=\"wp-block-list\"><li><a href=\"https:\/\/www.cta-tankbau.de\/werkstoffe\/baustahl\/\">Baustahl (CS \u2013 carbon steel)<\/a><\/li><li><a href=\"https:\/\/www.cta-tankbau.de\/werkstoffe\/edelstahl\/\">Edelstahl (SS \u2013 stainless steel)<\/a><\/li><li><a href=\"https:\/\/www.cta-tankbau.de\/werkstoffe\/duplexstahl\/\">Duplexstahl (austenitisch-ferritischer Duplexstahl)<\/a><\/li><li><a href=\"https:\/\/www.cta-tankbau.de\/werkstoffe\/aluminium\/\">Aluminium (nur f\u00fcr Tankd\u00e4cher)<\/a><\/li><\/ul>\n<\/div>\n\n\n\n<div class=\"wp-block-column is-layout-flow wp-block-column-is-layout-flow\">\n<figure class=\"wp-block-image size-large\"><img loading=\"lazy\" decoding=\"async\" width=\"1024\" height=\"641\" src=\"https:\/\/www.cta-tankbau.de\/wp-content\/uploads\/2021\/08\/slide02-rohrleitungsbau-edited-1024x641.jpg\" alt=\"\" class=\"wp-image-686\" srcset=\"https:\/\/www.cta-tankbau.de\/wp-content\/uploads\/2021\/08\/slide02-rohrleitungsbau-edited-1024x641.jpg 1024w, https:\/\/www.cta-tankbau.de\/wp-content\/uploads\/2021\/08\/slide02-rohrleitungsbau-edited-300x188.jpg 300w, https:\/\/www.cta-tankbau.de\/wp-content\/uploads\/2021\/08\/slide02-rohrleitungsbau-edited-768x481.jpg 768w, https:\/\/www.cta-tankbau.de\/wp-content\/uploads\/2021\/08\/slide02-rohrleitungsbau-edited.jpg 1118w\" sizes=\"auto, (max-width: 1024px) 100vw, 1024px\" \/><\/figure>\n<\/div>\n<\/div>\n","protected":false},"excerpt":{"rendered":"<p>F\u00fcr unsere Produkte setzen wir normgerechte, bew\u00e4hrte und nachhaltige Qualit\u00e4tsmaterialien ein: Baustahl, Edelstahl, Duplexstahl und Aluminium. Damit k\u00f6nnen wir Funktionsf\u00e4higkeit und Langlebigkeit garantieren. \u00dcbersicht: Baustahl (CS \u2013 carbon steel) Edelstahl (SS \u2013 stainless steel) Duplexstahl (austenitisch-ferritischer Duplexstahl) Aluminium (nur f\u00fcr Tankd\u00e4cher)<\/p>\n","protected":false},"author":1,"featured_media":0,"parent":0,"menu_order":30,"comment_status":"closed","ping_status":"closed","template":"","meta":{"footnotes":""},"class_list":["post-26","page","type-page","status-publish","hentry"],"_links":{"self":[{"href":"https:\/\/www.cta-tankbau.de\/en\/wp-json\/wp\/v2\/pages\/26","targetHints":{"allow":["GET"]}}],"collection":[{"href":"https:\/\/www.cta-tankbau.de\/en\/wp-json\/wp\/v2\/pages"}],"about":[{"href":"https:\/\/www.cta-tankbau.de\/en\/wp-json\/wp\/v2\/types\/page"}],"author":[{"embeddable":true,"href":"https:\/\/www.cta-tankbau.de\/en\/wp-json\/wp\/v2\/users\/1"}],"replies":[{"embeddable":true,"href":"https:\/\/www.cta-tankbau.de\/en\/wp-json\/wp\/v2\/comments?post=26"}],"version-history":[{"count":12,"href":"https:\/\/www.cta-tankbau.de\/en\/wp-json\/wp\/v2\/pages\/26\/revisions"}],"predecessor-version":[{"id":697,"href":"https:\/\/www.cta-tankbau.de\/en\/wp-json\/wp\/v2\/pages\/26\/revisions\/697"}],"wp:attachment":[{"href":"https:\/\/www.cta-tankbau.de\/en\/wp-json\/wp\/v2\/media?parent=26"}],"curies":[{"name":"wp","href":"https:\/\/api.w.org\/{rel}","templated":true}]}}