{"id":30,"date":"2018-06-04T16:11:23","date_gmt":"2018-06-04T14:11:23","guid":{"rendered":"https:\/\/www.cta-tankbau.de\/?page_id=30"},"modified":"2022-08-15T11:44:10","modified_gmt":"2022-08-15T09:44:10","slug":"unternehmen","status":"publish","type":"page","link":"https:\/\/www.cta-tankbau.de\/en\/unternehmen\/","title":{"rendered":"Unternehmen"},"content":{"rendered":"\n<div class=\"wp-block-columns is-layout-flex wp-container-core-columns-is-layout-9d6595d7 wp-block-columns-is-layout-flex\">\n<div class=\"wp-block-column is-layout-flow wp-block-column-is-layout-flow\">\n<p>Vorl\u00e4ufer unseres Unternehmens, die CTA Chemie- und Tankanlagenbau GmbH &#038; Co. KG, war die am 1. Oktober 1990 gegr\u00fcndete CTA-M. Sie entstand durch Ausgr\u00fcndung der Au\u00dfenmontage des Tankbaubereiches eines Chemieanlagenbaubetriebes.<\/p>\n\n\n\n<p>Um mittel- und langfristig f\u00fcr die Bed\u00fcrfnisse des Marktes optimal aufgestellt zu sein, erfolgte 2009 die Umfirmierung zur heutigen CTA Chemie- und Tankanlagenbau GmbH &#038; Co. KG.<\/p>\n\n\n\n<p>In unserem zertifizierten und anerkannten Fachunternehmen arbeiten aktuell mehr als 110 engagierte und fachlich kompetente Mitarbeiter. Darunter ca. 20 Diplom-Ingenieure und rund 70 hochqualifizierte Schwei\u00dfer. Unser Unternehmenssitz ist Berlin-Altglienicke. Hier verf\u00fcgen wir \u00fcber ein Firmengel\u00e4nde von 10.000 m2.<\/p>\n\n\n\n<p>Alle Leistungen erbringen wir im eigenen Haus: statische Berechnung, Konstruktion, Beschaffung sowie Montage und Pr\u00fcfung vor Ort.<\/p>\n\n\n\n<p>Wir sind deshalb sowohl f\u00fcr kleine als auch gr\u00f6\u00dfere Projekte bestens ger\u00fcstet und liefern qualitativ hochwertige und nachhaltige Ergebnisse aus einem Guss.<\/p>\n<\/div>\n\n\n\n<div class=\"wp-block-column is-layout-flow wp-block-column-is-layout-flow\">\n<figure class=\"wp-block-image size-large\"><img loading=\"lazy\" decoding=\"async\" width=\"1024\" height=\"683\" src=\"https:\/\/www.cta-tankbau.de\/wp-content\/uploads\/2018\/11\/unternehmen-cta-1024x683.jpg\" alt=\"\" class=\"wp-image-420\" srcset=\"https:\/\/www.cta-tankbau.de\/wp-content\/uploads\/2018\/11\/unternehmen-cta-1024x683.jpg 1024w, https:\/\/www.cta-tankbau.de\/wp-content\/uploads\/2018\/11\/unternehmen-cta-300x200.jpg 300w, https:\/\/www.cta-tankbau.de\/wp-content\/uploads\/2018\/11\/unternehmen-cta-768x512.jpg 768w, https:\/\/www.cta-tankbau.de\/wp-content\/uploads\/2018\/11\/unternehmen-cta.jpg 1200w\" sizes=\"auto, (max-width: 1024px) 100vw, 1024px\" \/><\/figure>\n<\/div>\n<\/div>\n","protected":false},"excerpt":{"rendered":"<p>Vorl\u00e4ufer unseres Unternehmens, die CTA Chemie- und Tankanlagenbau GmbH &#038; Co. KG, war die am 1. Oktober 1990 gegr\u00fcndete CTA-M. Sie entstand durch Ausgr\u00fcndung der Au\u00dfenmontage des Tankbaubereiches eines Chemieanlagenbaubetriebes. Um mittel- und langfristig f\u00fcr die Bed\u00fcrfnisse des Marktes optimal aufgestellt zu sein, erfolgte 2009 die Umfirmierung zur heutigen CTA Chemie- und Tankanlagenbau GmbH &#038; [&hellip;]<\/p>\n","protected":false},"author":1,"featured_media":0,"parent":0,"menu_order":50,"comment_status":"closed","ping_status":"closed","template":"","meta":{"footnotes":""},"class_list":["post-30","page","type-page","status-publish","hentry"],"_links":{"self":[{"href":"https:\/\/www.cta-tankbau.de\/en\/wp-json\/wp\/v2\/pages\/30","targetHints":{"allow":["GET"]}}],"collection":[{"href":"https:\/\/www.cta-tankbau.de\/en\/wp-json\/wp\/v2\/pages"}],"about":[{"href":"https:\/\/www.cta-tankbau.de\/en\/wp-json\/wp\/v2\/types\/page"}],"author":[{"embeddable":true,"href":"https:\/\/www.cta-tankbau.de\/en\/wp-json\/wp\/v2\/users\/1"}],"replies":[{"embeddable":true,"href":"https:\/\/www.cta-tankbau.de\/en\/wp-json\/wp\/v2\/comments?post=30"}],"version-history":[{"count":16,"href":"https:\/\/www.cta-tankbau.de\/en\/wp-json\/wp\/v2\/pages\/30\/revisions"}],"predecessor-version":[{"id":703,"href":"https:\/\/www.cta-tankbau.de\/en\/wp-json\/wp\/v2\/pages\/30\/revisions\/703"}],"wp:attachment":[{"href":"https:\/\/www.cta-tankbau.de\/en\/wp-json\/wp\/v2\/media?parent=30"}],"curies":[{"name":"wp","href":"https:\/\/api.w.org\/{rel}","templated":true}]}}