{"id":32,"date":"2018-06-04T16:11:31","date_gmt":"2018-06-04T14:11:31","guid":{"rendered":"https:\/\/www.cta-tankbau.de\/?page_id=32"},"modified":"2021-08-13T16:49:52","modified_gmt":"2021-08-13T14:49:52","slug":"partner","status":"publish","type":"page","link":"https:\/\/www.cta-tankbau.de\/en\/partner\/","title":{"rendered":"Partner"},"content":{"rendered":"\n<div class=\"wp-block-columns is-layout-flex wp-container-core-columns-is-layout-9d6595d7 wp-block-columns-is-layout-flex\">\n<div class=\"wp-block-column is-layout-flow wp-block-column-is-layout-flow\">\n<p>Seit der Unternehmensgr\u00fcndung arbeiten wir mit namhaften Herstellern, Lieferanten und anderen Partnern erfolgreich zusammen.<br>Durch diese Kooperation k\u00f6nnen wir eine gleichbleibend hohe Qualit\u00e4t und ein H\u00f6chstma\u00df an Kundenzufriedenheit sicherstellen.<\/p>\n<\/div>\n\n\n\n<div class=\"wp-block-column is-layout-flow wp-block-column-is-layout-flow\"><\/div>\n<\/div>\n","protected":false},"excerpt":{"rendered":"<p>Seit der Unternehmensgr\u00fcndung arbeiten wir mit namhaften Herstellern, Lieferanten und anderen Partnern erfolgreich zusammen.Durch diese Kooperation k\u00f6nnen wir eine gleichbleibend hohe Qualit\u00e4t und ein H\u00f6chstma\u00df an Kundenzufriedenheit sicherstellen.<\/p>\n","protected":false},"author":1,"featured_media":0,"parent":0,"menu_order":60,"comment_status":"closed","ping_status":"closed","template":"","meta":{"footnotes":""},"class_list":["post-32","page","type-page","status-publish","hentry"],"_links":{"self":[{"href":"https:\/\/www.cta-tankbau.de\/en\/wp-json\/wp\/v2\/pages\/32","targetHints":{"allow":["GET"]}}],"collection":[{"href":"https:\/\/www.cta-tankbau.de\/en\/wp-json\/wp\/v2\/pages"}],"about":[{"href":"https:\/\/www.cta-tankbau.de\/en\/wp-json\/wp\/v2\/types\/page"}],"author":[{"embeddable":true,"href":"https:\/\/www.cta-tankbau.de\/en\/wp-json\/wp\/v2\/users\/1"}],"replies":[{"embeddable":true,"href":"https:\/\/www.cta-tankbau.de\/en\/wp-json\/wp\/v2\/comments?post=32"}],"version-history":[{"count":13,"href":"https:\/\/www.cta-tankbau.de\/en\/wp-json\/wp\/v2\/pages\/32\/revisions"}],"predecessor-version":[{"id":708,"href":"https:\/\/www.cta-tankbau.de\/en\/wp-json\/wp\/v2\/pages\/32\/revisions\/708"}],"wp:attachment":[{"href":"https:\/\/www.cta-tankbau.de\/en\/wp-json\/wp\/v2\/media?parent=32"}],"curies":[{"name":"wp","href":"https:\/\/api.w.org\/{rel}","templated":true}]}}