{"id":34,"date":"2018-06-04T16:11:40","date_gmt":"2018-06-04T14:11:40","guid":{"rendered":"https:\/\/www.cta-tankbau.de\/?page_id=34"},"modified":"2023-01-09T17:14:35","modified_gmt":"2023-01-09T16:14:35","slug":"kontakt","status":"publish","type":"page","link":"https:\/\/www.cta-tankbau.de\/en\/kontakt\/","title":{"rendered":"Kontakt"},"content":{"rendered":"\n<div class=\"wp-block-columns is-layout-flex wp-container-core-columns-is-layout-9d6595d7 wp-block-columns-is-layout-flex\">\n<div class=\"wp-block-column is-layout-flow wp-block-column-is-layout-flow\">\n<p><strong>CTA Chemie- und Tankanlagenbau GmbH &#038; Co. KG<\/strong><br>Rudower Stra\u00dfe 48\u201350<br>12524 Berlin<\/p>\n\n\n\n<p>+49 (0)30 \/ 67 91 - 0<br>+49 (0)30 \/ 67 91 - 500<br><a href=\"mailto:infopost@cta-tankbau.com\">infopost@cta-tankbau.com<\/a><\/p>\n<\/div>\n\n\n\n<div class=\"wp-block-column is-layout-flow wp-block-column-is-layout-flow\">\n<iframe loading=\"lazy\" class=\"privacy-map\" src=\"\" data-2click-type=\"map\" data-title=\"Open Street Map\" data-bgimage=\"\"  allowfullscreen=\"\" style=\"border:0\" width=\"100%\" height=\"350\" data-src=\"https:\/\/www.openstreetmap.org\/export\/embed.html?bbox=13.527549505233766%2C52.41798201342665%2C13.5417115688324%2C52.42367447295926&#038;layer=mapnik&#038;marker=52.42082833506104%2C13.534630537033081\" allowfullscreen=\"\" style=\"border:0\" width=\"100%\" height=\"350px\"><\/iframe>\n\n<br><small><a href=\"https:\/\/www.openstreetmap.org\/?mlat=52.42083&#038;mlon=13.53463#map=17\/52.42083\/13.53463\">Gr\u00f6\u00dfere Karte anzeigen<\/a><\/small>\n<\/div>\n<\/div>\n\n\n\n<div class=\"wp-block-columns is-layout-flex wp-container-core-columns-is-layout-9d6595d7 wp-block-columns-is-layout-flex\">\n<div class=\"wp-block-column is-layout-flow wp-block-column-is-layout-flow\">\n<p><strong>Wir freuen uns \u00fcber Ihre Nachricht.<\/strong><\/p>\n\n\n\n<div class=\"wp-block-contact-form-7-contact-form-selector\">\n<div class=\"wpcf7 no-js\" id=\"wpcf7-f93-o1\" lang=\"de-DE\" dir=\"ltr\" data-wpcf7-id=\"93\">\n<div class=\"screen-reader-response\"><p role=\"status\" aria-live=\"polite\" aria-atomic=\"true\"><\/p> <ul><\/ul><\/div>\n<form action=\"\/en\/wp-json\/wp\/v2\/pages\/34#wpcf7-f93-o1\" method=\"post\" class=\"wpcf7-form init\" aria-label=\"Kontaktformular\" novalidate=\"novalidate\" data-status=\"init\">\n<fieldset class=\"hidden-fields-container\"><input type=\"hidden\" name=\"_wpcf7\" value=\"93\" \/><input type=\"hidden\" name=\"_wpcf7_version\" value=\"6.1.3\" \/><input type=\"hidden\" name=\"_wpcf7_locale\" value=\"de_DE_formal\" \/><input type=\"hidden\" name=\"_wpcf7_unit_tag\" value=\"wpcf7-f93-o1\" \/><input type=\"hidden\" name=\"_wpcf7_container_post\" value=\"0\" \/><input type=\"hidden\" name=\"_wpcf7_posted_data_hash\" value=\"\" \/><input type=\"hidden\" name=\"lang\" value=\"en\" \/>\n<\/fieldset>\n<div class=\"formular-wrapper\">\n\n   <div class=\"left-right\">\n   <div class=formular-left>\n   <span class=\"wpcf7-form-control-wrap\" data-name=\"your-name\"><input size=\"40\" maxlength=\"400\" class=\"wpcf7-form-control wpcf7-text wpcf7-validates-as-required\" aria-required=\"true\" aria-invalid=\"false\" placeholder=\"Name *\" value=\"\" type=\"text\" name=\"your-name\" \/><\/span>\n   <span class=\"wpcf7-form-control-wrap\" data-name=\"your-firma\"><input size=\"40\" maxlength=\"400\" class=\"wpcf7-form-control wpcf7-text\" aria-invalid=\"false\" placeholder=\"Firma\" value=\"\" type=\"text\" name=\"your-firma\" \/><\/span>\n   <\/div>\n\n   <div class=\"formular-right\">\n   <span class=\"wpcf7-form-control-wrap\" data-name=\"your-email\"><input size=\"40\" maxlength=\"400\" class=\"wpcf7-form-control wpcf7-email wpcf7-validates-as-required wpcf7-text wpcf7-validates-as-email\" aria-required=\"true\" aria-invalid=\"false\" placeholder=\"E-Mail *\" value=\"\" type=\"email\" name=\"your-email\" \/><\/span>\n   <span class=\"wpcf7-form-control-wrap\" data-name=\"your-phone\"><input size=\"40\" maxlength=\"400\" class=\"wpcf7-form-control wpcf7-tel wpcf7-validates-as-required wpcf7-text wpcf7-validates-as-tel\" aria-required=\"true\" aria-invalid=\"false\" placeholder=\"Telefon\" value=\"\" type=\"tel\" name=\"your-phone\" \/><\/span>\n   <\/div>\n   <\/div>\n\n   <span class=\"wpcf7-form-control-wrap\" data-name=\"your-message\"><textarea cols=\"40\" rows=\"10\" maxlength=\"2000\" class=\"wpcf7-form-control wpcf7-textarea wpcf7-validates-as-required\" aria-required=\"true\" aria-invalid=\"false\" placeholder=\"Nachricht *\" name=\"your-message\"><\/textarea><\/span>\n   <span class=\"wpcf7-form-control-wrap\" data-name=\"acceptance-915\"><span class=\"wpcf7-form-control wpcf7-acceptance\"><span class=\"wpcf7-list-item\"><label><input type=\"checkbox\" name=\"acceptance-915\" value=\"1\" aria-invalid=\"false\" \/><span class=\"wpcf7-list-item-label\">Ich habe die <a target=\"_blank\" href=\"https:\/\/www.cta-tankbau.de\/datenschutzerklaerung\/\">Datenschutzerkl\u00e4rung<\/a> gelesen und bin damit einverstanden.<\/span><\/label><\/span><\/span><\/span>\n\n<span class=\"wpcf7-form-control-wrap cf7ic-221\"><span class=\"wpcf7-form-control wpcf7-cf7ic wpcf7-validates-as-required\" aria-required=\"true\" aria-invalid=\"false\" data-name=\"cf7ic-221\"><span class=\"captcha-image\" ><span class=\"choices\"><label><input type=\"radio\" name=\"kc_captcha\" value=\"bot\" \/><i class=\"icon-brille\"><\/i><\/label><label><input type=\"radio\" name=\"kc_captcha\" value=\"bot\" \/><i class=\"icon-regenschirm\"><\/i><\/label><label><input type=\"radio\" name=\"kc_captcha\" value=\"bot\" \/><i class=\"icon-sonnne\"><\/i><\/label><label><input type=\"radio\" name=\"kc_captcha\" value=\"kc_human\" \/><i class=\"icon-wuerfel\"><\/i><\/label>\n    <\/span><\/span>\n    <span style=\"display:none\">\n        <input type=\"text\" name=\"kc_honeypot\">\n    <\/span><span class=\"cf7ic_instructions\">Bist du ein Mensch? Dann klicke auf den W\u00fcrfel.<\/span><\/span><\/span>\n<input class=\"wpcf7-form-control wpcf7-submit has-spinner\" type=\"submit\" value=\"Senden\" \/>\n<\/div><div class=\"wpcf7-response-output\" aria-hidden=\"true\"><\/div>\n<\/form>\n<\/div>\n<\/div>\n<\/div>\n\n\n\n<div class=\"wp-block-column is-layout-flow wp-block-column-is-layout-flow\"><\/div>\n<\/div>\n","protected":false},"excerpt":{"rendered":"<p>CTA Chemie- und Tankanlagenbau GmbH &#038; Co. KGRudower Stra\u00dfe 48\u20135012524 Berlin Gr\u00f6\u00dfere Karte anzeigen Wir freuen uns \u00fcber Ihre Nachricht.<\/p>\n","protected":false},"author":1,"featured_media":0,"parent":0,"menu_order":60,"comment_status":"closed","ping_status":"closed","template":"","meta":{"footnotes":""},"class_list":["post-34","page","type-page","status-publish","hentry"],"_links":{"self":[{"href":"https:\/\/www.cta-tankbau.de\/en\/wp-json\/wp\/v2\/pages\/34","targetHints":{"allow":["GET"]}}],"collection":[{"href":"https:\/\/www.cta-tankbau.de\/en\/wp-json\/wp\/v2\/pages"}],"about":[{"href":"https:\/\/www.cta-tankbau.de\/en\/wp-json\/wp\/v2\/types\/page"}],"author":[{"embeddable":true,"href":"https:\/\/www.cta-tankbau.de\/en\/wp-json\/wp\/v2\/users\/1"}],"replies":[{"embeddable":true,"href":"https:\/\/www.cta-tankbau.de\/en\/wp-json\/wp\/v2\/comments?post=34"}],"version-history":[{"count":24,"href":"https:\/\/www.cta-tankbau.de\/en\/wp-json\/wp\/v2\/pages\/34\/revisions"}],"predecessor-version":[{"id":820,"href":"https:\/\/www.cta-tankbau.de\/en\/wp-json\/wp\/v2\/pages\/34\/revisions\/820"}],"wp:attachment":[{"href":"https:\/\/www.cta-tankbau.de\/en\/wp-json\/wp\/v2\/media?parent=34"}],"curies":[{"name":"wp","href":"https:\/\/api.w.org\/{rel}","templated":true}]}}