{"id":6,"date":"2018-06-04T16:07:05","date_gmt":"2018-06-04T14:07:05","guid":{"rendered":"https:\/\/www.cta-tankbau.de\/?page_id=6"},"modified":"2023-01-13T14:59:54","modified_gmt":"2023-01-13T13:59:54","slug":"zertifizierter-anlagenbau-aus-berlin","status":"publish","type":"page","link":"https:\/\/www.cta-tankbau.de\/en\/","title":{"rendered":"Zertifizierter Anlagenbau aus Berlin"},"content":{"rendered":"\n<div class=\"wp-block-columns is-layout-flex wp-container-core-columns-is-layout-9d6595d7 wp-block-columns-is-layout-flex\">\n<div class=\"wp-block-column is-layout-flow wp-block-column-is-layout-flow\" style=\"flex-basis:66.66%\">\n<p>CTA Chemie- und Tankanlagenbau in Berlin ist ein zertifiziertes Unternehmen f\u00fcr den Anlagenbau. Wir sind spezialisiert auf Tankanlagenbau, Tankbau, Rohrleitungsbau und Stahlbau. Unser Service umfasst die Planung, Lieferung und Montage.<\/p>\n\n\n\n<p>Wir planen, koordinieren und realisieren die Auftr\u00e4ge unserer Kunden, wie sie es von uns erwarten: mit kompletten Leistungen, gesicherter Qualit\u00e4t, Termintreue und gro\u00dfer Flexibilit\u00e4t.<\/p>\n\n\n\n<p>Als anerkannter Fachbetrieb mit Zulassungen einschlie\u00dflich T\u00dcV-Cert nach DIN EN ISO 9001 und SCC setzen wir zuverl\u00e4ssig auch komplexere Anlagenprojekte um. Sprechen Sie uns an!<\/p>\n\n\n\n<p><a href=\"https:\/\/www.cta-tankbau.de\/unternehmen\/\">Mehr erfahren \u2026<\/a><\/p>\n<\/div>\n\n\n\n<div class=\"wp-block-column is-layout-flow wp-block-column-is-layout-flow\" style=\"flex-basis:33.33%\">\n<div class=\"iframe-container\"><iframe loading=\"lazy\" id=\"object3d\" src=\"https:\/\/www.cta-tankbau.de\/wp-content\/uploads\/object_3d\/WSP_SAAR__APRIL_2021.html\" width=\" 900\" height=\"100%\" frameborder=\"0\" align=\"middle\"><\/iframe><\/div>\n<\/div>\n<\/div>\n\n\n\n<div class=\"wp-block-cover alignfull is-light\"><span aria-hidden=\"true\" class=\"wp-block-cover__background has-light-gray-background-color has-background-dim-100 has-background-dim\"><\/span><div class=\"wp-block-cover__inner-container is-layout-flow wp-block-cover-is-layout-flow\">\n<h2 class=\"wp-block-heading\">Leistungen<\/h2>\n\n\n<div class='seitenauswahl'><div class='seitenauswahl-item'><a href='https:\/\/www.cta-tankbau.de\/en\/leistungen\/tankanlagenbau\/'><div class='bilderbox' style='width: 100%; height: 100%; background-image: url(https:\/\/www.cta-tankbau.de\/wp-content\/uploads\/2023\/01\/tankanlagenbau-vorschau.jpg)'><div class='seitenauswahl-icon-wrapper'><div class='seitenauswahl-icon' style='background-image: url(https:\/\/www.cta-tankbau.de\/wp-content\/uploads\/2021\/08\/tank-Kopie.svg)'><\/div><p>Wir planen, projektieren und errichten die Anlagen mittels modernster Technik, ganz nach den Anforderungen f\u00fcr den industriellen Einsatz.<\/p><p>Mehr anzeigen...<\/p><\/div><h3>Tankanlagenbau<\/h3><\/div><\/a><\/div><div class='seitenauswahl-item'><a href='https:\/\/www.cta-tankbau.de\/en\/leistungen\/tankbau\/'><div class='bilderbox' style='width: 100%; height: 100%; background-image: url(https:\/\/www.cta-tankbau.de\/wp-content\/uploads\/2021\/08\/DSC1800-leistungen-tankbau.jpg)'><div class='seitenauswahl-icon-wrapper'><div class='seitenauswahl-icon' style='background-image: url(https:\/\/www.cta-tankbau.de\/wp-content\/uploads\/2021\/09\/tank-2.svg)'><\/div><p>Als zertifiziertes Unternehmen planen und montieren wir Flachbodentanks mit Festdach oder Schwimmdach in den Normen DIN 4119, EN 14015, EN 14620 sowie API 650.<\/p><p>Mehr anzeigen...<\/p><\/div><h3>Tankbau<\/h3><\/div><\/a><\/div><div class='seitenauswahl-item'><a href='https:\/\/www.cta-tankbau.de\/en\/leistungen\/rohrleitungsbau\/'><div class='bilderbox' style='width: 100%; height: 100%; background-image: url(https:\/\/www.cta-tankbau.de\/wp-content\/uploads\/2021\/08\/DSC8932-rohrleitungsbau.jpg)'><div class='seitenauswahl-icon-wrapper'><div class='seitenauswahl-icon' style='background-image: url(https:\/\/www.cta-tankbau.de\/wp-content\/uploads\/2021\/08\/pipe.svg)'><\/div><p>Unsere Leistungen sind auf l\u00f6sungsorientierte Systeme f\u00fcr die chemische, petrochemische Industrie, die Energiewirtschaft und Spezialbranchen zugeschnitten.<\/p><p>Mehr anzeigen...<\/p><\/div><h3>Rohrleitungsbau<\/h3><\/div><\/a><\/div><div class='seitenauswahl-item'><a href='https:\/\/www.cta-tankbau.de\/en\/leistungen\/stahlbau\/'><div class='bilderbox' style='width: 100%; height: 100%; background-image: url(https:\/\/www.cta-tankbau.de\/wp-content\/uploads\/2021\/08\/20170928-_DSC9386-leistungen-stahlbau-scaled.jpg)'><div class='seitenauswahl-icon-wrapper'><div class='seitenauswahl-icon' style='background-image: url(https:\/\/www.cta-tankbau.de\/wp-content\/uploads\/2021\/08\/welding.svg)'><\/div><p>Als Spezialist f\u00fcr Tankanlagenbau decken wir auch den Bereich des damit verbundenen Stahlbaus ab.<\/p><p>Mehr anzeigen...<\/p><\/div><h3>Stahlbau<\/h3><\/div><\/a><\/div><div class='seitenauswahl-item'><a href='https:\/\/www.cta-tankbau.de\/en\/leistungen\/wartungen-und-gutachten\/'><div class='bilderbox' style='width: 100%; height: 100%; background-image: url(https:\/\/www.cta-tankbau.de\/wp-content\/uploads\/2021\/08\/DSC2631-unterseite-werkstoffpruefung-edited-1.jpg)'><div class='seitenauswahl-icon-wrapper'><div class='seitenauswahl-icon' style='background-image: url(https:\/\/www.cta-tankbau.de\/wp-content\/uploads\/2021\/08\/wrench1.svg)'><\/div><p>Wir f\u00fchren mit modernster Technik und zertifiziertem Pr\u00fcfpersonal nach EN 473 Zustandsbewertungen von Bestandsanlagen und statische Berechnungen durch.<\/p><p>Mehr anzeigen...<\/p><\/div><h3>Wartungen und Gutachten<\/h3><\/div><\/a><\/div><div class='seitenauswahl-item'><a href='https:\/\/www.cta-tankbau.de\/en\/leistungen\/werkstoffpruefung\/'><div class='bilderbox' style='width: 100%; height: 100%; background-image: url(https:\/\/www.cta-tankbau.de\/wp-content\/uploads\/2021\/08\/DSC8702-leistungen-werkstoffpruefung-scaled.jpg)'><div class='seitenauswahl-icon-wrapper'><div class='seitenauswahl-icon' style='background-image: url(https:\/\/www.cta-tankbau.de\/wp-content\/uploads\/2021\/08\/microscope-Kopie.svg)'><\/div><p>Mit modernsten Methoden und Technologie realisieren wir zerst\u00f6rungsfreie Werkstoffpr\u00fcfungen (ZfP).<\/p><p>Mehr anzeigen...<\/p><\/div><h3>Werkstoffpr\u00fcfung<\/h3><\/div><\/a><\/div><\/div>\n<\/div><\/div>\n\n\n\n<div class=\"wp-block-columns alignfull is-layout-flex wp-container-core-columns-is-layout-9d6595d7 wp-block-columns-is-layout-flex\">\n<div class=\"wp-block-column is-layout-flow wp-block-column-is-layout-flow\" style=\"flex-basis:25%\">\n<h2 class=\"wp-block-heading\">Produkte<\/h2>\n\n\n\n<p>Wir entwickeln ma\u00dfgeschneiderte L\u00f6sungen im Anlagenbau, z.B. Flachbodentanks mit Festdach und Schwimmdach. Zu unserem Portfolio geh\u00f6ren unter anderem Gasbeh\u00e4lter, W\u00e4rme-\/K\u00e4ltespeicher, Rohrbr\u00fccken.<\/p>\n\n\n\n<p><a href=\"https:\/\/www.cta-tankbau.de\/produkte\/\">Mehr erfahren \u2026<\/a><\/p>\n<\/div>\n\n\n\n<div class=\"wp-block-column is-layout-flow wp-block-column-is-layout-flow\" style=\"flex-basis:75%\">\n<figure class=\"wp-block-image size-large\"><img loading=\"lazy\" decoding=\"async\" width=\"1024\" height=\"684\" src=\"https:\/\/www.cta-tankbau.de\/wp-content\/uploads\/2023\/01\/schweisser-1024x684.jpg\" alt=\"Schweisser\" class=\"wp-image-1108\" srcset=\"https:\/\/www.cta-tankbau.de\/wp-content\/uploads\/2023\/01\/schweisser-1024x684.jpg 1024w, https:\/\/www.cta-tankbau.de\/wp-content\/uploads\/2023\/01\/schweisser-300x200.jpg 300w, https:\/\/www.cta-tankbau.de\/wp-content\/uploads\/2023\/01\/schweisser-768x513.jpg 768w, https:\/\/www.cta-tankbau.de\/wp-content\/uploads\/2023\/01\/schweisser-1536x1025.jpg 1536w, https:\/\/www.cta-tankbau.de\/wp-content\/uploads\/2023\/01\/schweisser.jpg 2000w\" sizes=\"auto, (max-width: 1024px) 100vw, 1024px\" \/><\/figure>\n<\/div>\n<\/div>\n\n\n\n<div class=\"wp-block-columns alignfull is-layout-flex wp-container-core-columns-is-layout-9d6595d7 wp-block-columns-is-layout-flex\">\n<div class=\"wp-block-column is-layout-flow wp-block-column-is-layout-flow\" style=\"flex-basis:75%\">\n<figure class=\"wp-block-image size-large\"><img loading=\"lazy\" decoding=\"async\" width=\"1024\" height=\"684\" src=\"https:\/\/www.cta-tankbau.de\/wp-content\/uploads\/2023\/01\/balken-1024x684.jpg\" alt=\"Balken\" class=\"wp-image-1110\" srcset=\"https:\/\/www.cta-tankbau.de\/wp-content\/uploads\/2023\/01\/balken-1024x684.jpg 1024w, https:\/\/www.cta-tankbau.de\/wp-content\/uploads\/2023\/01\/balken-300x200.jpg 300w, https:\/\/www.cta-tankbau.de\/wp-content\/uploads\/2023\/01\/balken-768x513.jpg 768w, https:\/\/www.cta-tankbau.de\/wp-content\/uploads\/2023\/01\/balken-1536x1025.jpg 1536w, https:\/\/www.cta-tankbau.de\/wp-content\/uploads\/2023\/01\/balken.jpg 2000w\" sizes=\"auto, (max-width: 1024px) 100vw, 1024px\" \/><\/figure>\n<\/div>\n\n\n\n<div class=\"wp-block-column is-layout-flow wp-block-column-is-layout-flow\" style=\"flex-basis:25%\">\n<h2 class=\"wp-block-heading\">Werkstoffe<\/h2>\n\n\n\n<p>F\u00fcr unsere Produkte setzen wir normgerechte, bew\u00e4hrte und nachhaltige Materialien ein: unter anderem Edelstahl und Aluminium. Damit k\u00f6nnen wir Funktionsf\u00e4higkeit und Langlebigkeit garantieren.<\/p>\n\n\n\n<p><a href=\"https:\/\/www.cta-tankbau.de\/werkstoffe\/\">Mehr erfahren \u2026<\/a><\/p>\n<\/div>\n<\/div>\n\n\n\n<div class=\"wp-block-cover alignfull is-light\"><span aria-hidden=\"true\" class=\"wp-block-cover__background has-light-gray-background-color has-background-dim-100 has-background-dim\"><\/span><div class=\"wp-block-cover__inner-container is-layout-flow wp-block-cover-is-layout-flow\">\n<h2 class=\"wp-block-heading\">Referenzen<\/h2>\n\n\n<div class='postgalerie'><div class=\"postgalerie-content \"><a href=\"https:\/\/www.cta-tankbau.de\/en\/referenz-1\/\" style=\"background-image: url(https:\/\/www.cta-tankbau.de\/wp-content\/uploads\/2021\/08\/darmstadt-22-header-1024x792.jpg)\"><div class=\"projekt-block\"><div class=\"projekt-overlay\"><h3>Darmstadt<\/h3><\/div><\/div><\/a><\/div><div class=\"postgalerie-content \"><a href=\"https:\/\/www.cta-tankbau.de\/en\/referenz-2\/\" style=\"background-image: url(https:\/\/www.cta-tankbau.de\/wp-content\/uploads\/2021\/08\/basel-12-header-1024x768.jpg)\"><div class=\"projekt-block\"><div class=\"projekt-overlay\"><h3>Basel<\/h3><\/div><\/div><\/a><\/div><div class=\"postgalerie-content \"><a href=\"https:\/\/www.cta-tankbau.de\/en\/reuter-west\/\" style=\"background-image: url(https:\/\/www.cta-tankbau.de\/wp-content\/uploads\/2021\/08\/halle-31-header-1024x682.jpg)\"><div class=\"projekt-block\"><div class=\"projekt-overlay\"><h3>Halle<\/h3><\/div><\/div><\/a><\/div><div class=\"postgalerie-content \"><a href=\"https:\/\/www.cta-tankbau.de\/en\/pck\/\" style=\"background-image: url(https:\/\/www.cta-tankbau.de\/wp-content\/uploads\/2023\/01\/pck-31-header-1024x684.jpg)\"><div class=\"projekt-block\"><div class=\"projekt-overlay\"><h3>PCK<\/h3><\/div><\/div><\/a><\/div><div class=\"postgalerie-content \"><a href=\"https:\/\/www.cta-tankbau.de\/en\/skw-piesteritz\/\" style=\"background-image: url(https:\/\/www.cta-tankbau.de\/wp-content\/uploads\/2023\/01\/skw-piesteritz-19-header-1024x512.jpg)\"><div class=\"projekt-block\"><div class=\"projekt-overlay\"><h3>SKW-Piesteritz<\/h3><\/div><\/div><\/a><\/div><div class=\"postgalerie-content \"><a href=\"https:\/\/www.cta-tankbau.de\/en\/frankfurt-main-tanklager\/\" style=\"background-image: url(https:\/\/www.cta-tankbau.de\/wp-content\/uploads\/2023\/01\/frankfurt-main-tanklager-26-header-1024x512.jpg)\"><div class=\"projekt-block\"><div class=\"projekt-overlay\"><h3>Frankfurt-Main Tanklager<\/h3><\/div><\/div><\/a><\/div><div class=\"postgalerie-content \"><a href=\"https:\/\/www.cta-tankbau.de\/en\/nrw-wsp-neubrandenburg\/\" style=\"background-image: url(https:\/\/www.cta-tankbau.de\/wp-content\/uploads\/2023\/01\/neubrandenburg-19-header-1024x512.jpg)\"><div class=\"projekt-block\"><div class=\"projekt-overlay\"><h3>NRW-WSP Neubrandenburg<\/h3><\/div><\/div><\/a><\/div><div class=\"postgalerie-content \"><a href=\"https:\/\/www.cta-tankbau.de\/en\/reuter-west-wsp-bau\/\" style=\"background-image: url(https:\/\/www.cta-tankbau.de\/wp-content\/uploads\/2023\/01\/reuter-west-29-header-1024x683.jpg)\"><div class=\"projekt-block\"><div class=\"projekt-overlay\"><h3>Reuter West-WSP-Bau<\/h3><\/div><\/div><\/a><\/div><div class=\"postgalerie-content \"><a href=\"https:\/\/www.cta-tankbau.de\/en\/wsp-rostock-2022\/\" style=\"background-image: url(https:\/\/www.cta-tankbau.de\/wp-content\/uploads\/2023\/01\/wsp-rostock-5-header-1024x512.jpg)\"><div class=\"projekt-block\"><div class=\"projekt-overlay\"><h3>WSP-Rostock 2022<\/h3><\/div><\/div><\/a><\/div><\/div>\n<\/div><\/div>\n\n\n\n<div class=\"wp-block-cover alignfull is-light zertifikate\"><span aria-hidden=\"true\" class=\"wp-block-cover__background has-background-dim-10 has-background-dim\"><\/span><img loading=\"lazy\" decoding=\"async\" width=\"2000\" height=\"752\" class=\"wp-block-cover__image-background wp-image-1112\" alt=\"Startseite Banner\" src=\"https:\/\/www.cta-tankbau.de\/wp-content\/uploads\/2023\/01\/startseite-banner.jpg\" data-object-fit=\"cover\" srcset=\"https:\/\/www.cta-tankbau.de\/wp-content\/uploads\/2023\/01\/startseite-banner.jpg 2000w, https:\/\/www.cta-tankbau.de\/wp-content\/uploads\/2023\/01\/startseite-banner-300x113.jpg 300w, https:\/\/www.cta-tankbau.de\/wp-content\/uploads\/2023\/01\/startseite-banner-1024x385.jpg 1024w, https:\/\/www.cta-tankbau.de\/wp-content\/uploads\/2023\/01\/startseite-banner-768x289.jpg 768w, https:\/\/www.cta-tankbau.de\/wp-content\/uploads\/2023\/01\/startseite-banner-1536x578.jpg 1536w\" sizes=\"auto, (max-width: 2000px) 100vw, 2000px\" \/><div class=\"wp-block-cover__inner-container is-layout-flow wp-block-cover-is-layout-flow\">\n<div class=\"wp-block-cover alignright is-light\"><span aria-hidden=\"true\" class=\"wp-block-cover__background has-background-dim-100 has-background-dim has-background-gradient\" style=\"background:linear-gradient(135deg,rgb(45,178,155) 2%,rgba(45,178,155,0.7) 100%)\"><\/span><div class=\"wp-block-cover__inner-container is-layout-flow wp-block-cover-is-layout-flow\">\n<h2 class=\"has-white-color has-text-color wp-block-heading\">Zertifikate<\/h2>\n\n\n\n<p>Die Qualit\u00e4t unserer Produkte und Leistungen wird durch zahlreiche Zertifikate best\u00e4tigt. Wir sind als anerkannter Fachbetrieb u.a. nach DIN EN ISO 9001, WHG und uneingeschr\u00e4nkt nach SCC zertifiziert.<\/p>\n\n\n\n<p><a href=\"https:\/\/www.cta-tankbau.de\/zertifikate\/\" data-type=\"URL\" data-id=\"https:\/\/www.cta-tankbau.de\/zertifikate\/\">Mehr erfahren&#8230;<\/a><\/p>\n<\/div><\/div>\n<\/div><\/div>\n","protected":false},"excerpt":{"rendered":"<p>CTA Chemie- und Tankanlagenbau in Berlin ist ein zertifiziertes Unternehmen f\u00fcr den Anlagenbau. Wir sind spezialisiert auf Tankanlagenbau, Tankbau, Rohrleitungsbau und Stahlbau. Unser Service umfasst die Planung, Lieferung und Montage. Wir planen, koordinieren und realisieren die Auftr\u00e4ge unserer Kunden, wie sie es von uns erwarten: mit kompletten Leistungen, gesicherter Qualit\u00e4t, Termintreue und gro\u00dfer Flexibilit\u00e4t. Als [&hellip;]<\/p>\n","protected":false},"author":1,"featured_media":0,"parent":0,"menu_order":0,"comment_status":"closed","ping_status":"closed","template":"","meta":{"footnotes":""},"class_list":["post-6","page","type-page","status-publish","hentry"],"_links":{"self":[{"href":"https:\/\/www.cta-tankbau.de\/en\/wp-json\/wp\/v2\/pages\/6","targetHints":{"allow":["GET"]}}],"collection":[{"href":"https:\/\/www.cta-tankbau.de\/en\/wp-json\/wp\/v2\/pages"}],"about":[{"href":"https:\/\/www.cta-tankbau.de\/en\/wp-json\/wp\/v2\/types\/page"}],"author":[{"embeddable":true,"href":"https:\/\/www.cta-tankbau.de\/en\/wp-json\/wp\/v2\/users\/1"}],"replies":[{"embeddable":true,"href":"https:\/\/www.cta-tankbau.de\/en\/wp-json\/wp\/v2\/comments?post=6"}],"version-history":[{"count":40,"href":"https:\/\/www.cta-tankbau.de\/en\/wp-json\/wp\/v2\/pages\/6\/revisions"}],"predecessor-version":[{"id":1113,"href":"https:\/\/www.cta-tankbau.de\/en\/wp-json\/wp\/v2\/pages\/6\/revisions\/1113"}],"wp:attachment":[{"href":"https:\/\/www.cta-tankbau.de\/en\/wp-json\/wp\/v2\/media?parent=6"}],"curies":[{"name":"wp","href":"https:\/\/api.w.org\/{rel}","templated":true}]}}