{"id":63,"date":"2018-06-04T16:47:36","date_gmt":"2018-06-04T14:47:36","guid":{"rendered":"https:\/\/www.cta-tankbau.de\/?page_id=63"},"modified":"2021-08-13T16:41:33","modified_gmt":"2021-08-13T14:41:33","slug":"philosophie","status":"publish","type":"page","link":"https:\/\/www.cta-tankbau.de\/en\/unternehmen\/philosophie\/","title":{"rendered":"Philosophie"},"content":{"rendered":"\n<div class=\"wp-block-columns is-layout-flex wp-container-core-columns-is-layout-9d6595d7 wp-block-columns-is-layout-flex\">\n<div class=\"wp-block-column is-layout-flow wp-block-column-is-layout-flow\">\n<p>CTA Chemie- und Tankanlagenbau steht f\u00fcr modernen Anlagenbau f\u00fcr den industriellen Einsatz.<br>Wir k\u00f6nnen dabei auf ein hohes Ma\u00df an Erfahrung in der Werkstoffkunde, der Materialverarbeitung, der Umwelttechnik, der Technologie und Arbeitsmethodik sowie im Projektmanagement zur\u00fcckgreifen.<\/p>\n\n\n\n<p>Dar\u00fcber hinaus setzen wir auf Planungen mit integrierten Berechnungsmethoden, auf begleitende Beschaffungslogistik, eine ad\u00e4quate Ger\u00e4tetechnik und auf flexible Montageprozesse. Nicht zuletzt ist das qualifizierte und motivierte CTA-Team ein Garant f\u00fcr das erfolgreiche Wirken unseres Unternehmens am europ\u00e4ischen Markt.<\/p>\n<\/div>\n\n\n\n<div class=\"wp-block-column is-layout-flow wp-block-column-is-layout-flow\">\n<figure class=\"wp-block-image size-large\"><img loading=\"lazy\" decoding=\"async\" width=\"1024\" height=\"625\" src=\"https:\/\/www.cta-tankbau.de\/wp-content\/uploads\/2018\/08\/philosophie-1024x625.jpg\" alt=\"\" class=\"wp-image-390\" srcset=\"https:\/\/www.cta-tankbau.de\/wp-content\/uploads\/2018\/08\/philosophie-1024x625.jpg 1024w, https:\/\/www.cta-tankbau.de\/wp-content\/uploads\/2018\/08\/philosophie-300x183.jpg 300w, https:\/\/www.cta-tankbau.de\/wp-content\/uploads\/2018\/08\/philosophie-768x469.jpg 768w, https:\/\/www.cta-tankbau.de\/wp-content\/uploads\/2018\/08\/philosophie.jpg 1200w\" sizes=\"auto, (max-width: 1024px) 100vw, 1024px\" \/><\/figure>\n<\/div>\n<\/div>\n","protected":false},"excerpt":{"rendered":"<p>CTA Chemie- und Tankanlagenbau steht f\u00fcr modernen Anlagenbau f\u00fcr den industriellen Einsatz.Wir k\u00f6nnen dabei auf ein hohes Ma\u00df an Erfahrung in der Werkstoffkunde, der Materialverarbeitung, der Umwelttechnik, der Technologie und Arbeitsmethodik sowie im Projektmanagement zur\u00fcckgreifen. Dar\u00fcber hinaus setzen wir auf Planungen mit integrierten Berechnungsmethoden, auf begleitende Beschaffungslogistik, eine ad\u00e4quate Ger\u00e4tetechnik und auf flexible Montageprozesse. Nicht [&hellip;]<\/p>\n","protected":false},"author":1,"featured_media":0,"parent":30,"menu_order":10,"comment_status":"closed","ping_status":"closed","template":"","meta":{"footnotes":""},"class_list":["post-63","page","type-page","status-publish","hentry"],"_links":{"self":[{"href":"https:\/\/www.cta-tankbau.de\/en\/wp-json\/wp\/v2\/pages\/63","targetHints":{"allow":["GET"]}}],"collection":[{"href":"https:\/\/www.cta-tankbau.de\/en\/wp-json\/wp\/v2\/pages"}],"about":[{"href":"https:\/\/www.cta-tankbau.de\/en\/wp-json\/wp\/v2\/types\/page"}],"author":[{"embeddable":true,"href":"https:\/\/www.cta-tankbau.de\/en\/wp-json\/wp\/v2\/users\/1"}],"replies":[{"embeddable":true,"href":"https:\/\/www.cta-tankbau.de\/en\/wp-json\/wp\/v2\/comments?post=63"}],"version-history":[{"count":8,"href":"https:\/\/www.cta-tankbau.de\/en\/wp-json\/wp\/v2\/pages\/63\/revisions"}],"predecessor-version":[{"id":705,"href":"https:\/\/www.cta-tankbau.de\/en\/wp-json\/wp\/v2\/pages\/63\/revisions\/705"}],"up":[{"embeddable":true,"href":"https:\/\/www.cta-tankbau.de\/en\/wp-json\/wp\/v2\/pages\/30"}],"wp:attachment":[{"href":"https:\/\/www.cta-tankbau.de\/en\/wp-json\/wp\/v2\/media?parent=63"}],"curies":[{"name":"wp","href":"https:\/\/api.w.org\/{rel}","templated":true}]}}