{"id":65,"date":"2018-06-04T16:47:53","date_gmt":"2018-06-04T14:47:53","guid":{"rendered":"https:\/\/www.cta-tankbau.de\/?page_id=65"},"modified":"2021-08-13T16:42:08","modified_gmt":"2021-08-13T14:42:08","slug":"patente","status":"publish","type":"page","link":"https:\/\/www.cta-tankbau.de\/en\/unternehmen\/patente\/","title":{"rendered":"Patente"},"content":{"rendered":"\n<div class=\"wp-block-columns is-layout-flex wp-container-core-columns-is-layout-9d6595d7 wp-block-columns-is-layout-flex\">\n<div class=\"wp-block-column is-layout-flow wp-block-column-is-layout-flow\">\n<p>Durch patentierte Eigenentwicklungen tragen wir dazu bei, den Tankanlagenbau wirtschaftlicher und sicherer zu machen. Zu unseren Innovationen z\u00e4hlen:<\/p>\n\n\n\n<p><strong>Leckschutzauskleidungen, gesch\u00fctztes Verfahren<\/strong><\/p>\n\n\n\n<ul class=\"wp-block-list\"><li>Minimieren den Wartungsaufwand<\/li><li>Geeignet f\u00fcr Tankm\u00e4ntel f\u00fcr stehende zylindrische Flachboden-Tankbauwerke nach DIN 4119<\/li><li>Leckagesonden mit allgemeiner bauaufsichtlicher Zulassung<\/li><li>Einsatz unter atmosph\u00e4rischen Temperaturen (-20 \u00b0C bis +60 \u00b0C)<\/li><li>Keine Beschr\u00e4nkung f\u00fcr Tankdurchmesser<\/li><li>Zul\u00e4ssiger Betriebsdruck am Mantel bis 2,5 bar<\/li><li>Geeignet f\u00fcr brennbare und nichtbrennbare wassergef\u00e4hrdende Fl\u00fcssigkeiten<\/li><li>J\u00e4hrliche Wartung gem\u00e4\u00df TRbF 20<\/li><li>Fachbetrieb nach WHG 191<\/li><\/ul>\n\n\n\n<p><strong>Teleskoptreppe f\u00fcr Schwimmd\u00e4cher<\/strong><\/p>\n\n\n\n<ul class=\"wp-block-list\"><li>Garantieren auch bei ung\u00fcnstigen Verh\u00e4ltnissen ein sicheres Arbeiten<\/li><li>L\u00e4ngenanpassung an F\u00fcllstand des Tankes durch Ineinanderschieben<\/li><li>Halbschalenstufen aus Streckmetall sichern bei jedem Anstellwinkel sicheres Begehen der Teleskoptreppe<\/li><li>Begehbarkeit \u00fcber Treppen auch bei ung\u00fcnstigen Verh\u00e4ltnissen realisierbar (gro\u00dfe H\u00f6he des Tankes bei im Verh\u00e4ltnis dazu kleinem Durchmesser)<\/li><li>Hohe Traglast (z. B. 3 Rettungskr\u00e4fte, 1 Verletzter, 50 kg Ausr\u00fcstung)<\/li><\/ul>\n<\/div>\n\n\n\n<div class=\"wp-block-column is-layout-flow wp-block-column-is-layout-flow\">\n<p><strong>Pfannendach, gesch\u00fctztes Verfahren<\/strong><\/p>\n\n\n\n<ul class=\"wp-block-list\"><li>Erleichtern wesentlich die Wartung von Schwimmdachtanks<\/li><li>Geeignet f\u00fcr stehende zylindrische Flachboden-Tankbauwerke nach DIN 4119<\/li><li>Abdichtende Funktion analog zu herk\u00f6mmlichen Schwimmd\u00e4chern (Ringraumdichtung)<\/li><li>Installation von R\u00fchrwerken, St\u00fctzd\u00e4chern o. \u00e4. mit hoher Krafteinleitung durch Radialen sehr einfach m\u00f6glich<\/li><\/ul>\n\n\n\n<p>Vorteile:<\/p>\n\n\n\n<ul class=\"wp-block-list\"><li>Kosteng\u00fcnstiger, da geringerer Material- und Montageaufwand<\/li><li>Wartungsarm (keine Dichtheitspr\u00fcfungen f\u00fcr Pontons oder Bojen)<\/li><li>Bessere Erkennung von Leckagen, da vollst\u00e4ndige Einsehbarkeit<\/li><\/ul>\n\n\n\n<p><strong>Lecksuche an Leckschutzauskleidungen (Materialunabh\u00e4ngig)<\/strong><\/p>\n\n\n\n<ul class=\"wp-block-list\"><li>Lecksuchverfahren, die mit intelligenten Sonden selbst kleinste Undichten zuverl\u00e4ssig und schnell bei geringem Aufwand erkennen<\/li><li>Pr\u00fcfung mit Helium bzw. Wasserstoffgemisch<\/li><li>Geringerer Pr\u00fcfaufwand gegen\u00fcber Unterdruckpr\u00fcfung mit Vakuumglocke<\/li><li>Zuverl\u00e4ssig, da objektive Messung (Schn\u00fcffelsonde) den Einfluss des subjektiven Faktors Mensch verringert<\/li><li>Erkennung kleinster Undichten<\/li><li>Empfindlichkeit 10-7 Pa . m3 . s-1 (Vakuumpr\u00fcfung mit Glocke ca. 10-2 bis 10-3 Pa . m3 . s-1)<\/li><\/ul>\n<\/div>\n<\/div>\n","protected":false},"excerpt":{"rendered":"<p>Durch patentierte Eigenentwicklungen tragen wir dazu bei, den Tankanlagenbau wirtschaftlicher und sicherer zu machen. Zu unseren Innovationen z\u00e4hlen: Leckschutzauskleidungen, gesch\u00fctztes Verfahren Minimieren den Wartungsaufwand Geeignet f\u00fcr Tankm\u00e4ntel f\u00fcr stehende zylindrische Flachboden-Tankbauwerke nach DIN 4119 Leckagesonden mit allgemeiner bauaufsichtlicher Zulassung Einsatz unter atmosph\u00e4rischen Temperaturen (-20 \u00b0C bis +60 \u00b0C) Keine Beschr\u00e4nkung f\u00fcr Tankdurchmesser Zul\u00e4ssiger Betriebsdruck am [&hellip;]<\/p>\n","protected":false},"author":1,"featured_media":0,"parent":30,"menu_order":20,"comment_status":"closed","ping_status":"closed","template":"","meta":{"footnotes":""},"class_list":["post-65","page","type-page","status-publish","hentry"],"_links":{"self":[{"href":"https:\/\/www.cta-tankbau.de\/en\/wp-json\/wp\/v2\/pages\/65","targetHints":{"allow":["GET"]}}],"collection":[{"href":"https:\/\/www.cta-tankbau.de\/en\/wp-json\/wp\/v2\/pages"}],"about":[{"href":"https:\/\/www.cta-tankbau.de\/en\/wp-json\/wp\/v2\/types\/page"}],"author":[{"embeddable":true,"href":"https:\/\/www.cta-tankbau.de\/en\/wp-json\/wp\/v2\/users\/1"}],"replies":[{"embeddable":true,"href":"https:\/\/www.cta-tankbau.de\/en\/wp-json\/wp\/v2\/comments?post=65"}],"version-history":[{"count":7,"href":"https:\/\/www.cta-tankbau.de\/en\/wp-json\/wp\/v2\/pages\/65\/revisions"}],"predecessor-version":[{"id":706,"href":"https:\/\/www.cta-tankbau.de\/en\/wp-json\/wp\/v2\/pages\/65\/revisions\/706"}],"up":[{"embeddable":true,"href":"https:\/\/www.cta-tankbau.de\/en\/wp-json\/wp\/v2\/pages\/30"}],"wp:attachment":[{"href":"https:\/\/www.cta-tankbau.de\/en\/wp-json\/wp\/v2\/media?parent=65"}],"curies":[{"name":"wp","href":"https:\/\/api.w.org\/{rel}","templated":true}]}}