{"id":67,"date":"2018-06-04T16:48:12","date_gmt":"2018-06-04T14:48:12","guid":{"rendered":"https:\/\/www.cta-tankbau.de\/?page_id=67"},"modified":"2021-08-13T16:46:47","modified_gmt":"2021-08-13T14:46:47","slug":"netzwerke","status":"publish","type":"page","link":"https:\/\/www.cta-tankbau.de\/en\/unternehmen\/netzwerke\/","title":{"rendered":"Netzwerke"},"content":{"rendered":"\n<div class=\"wp-block-columns is-layout-flex wp-container-core-columns-is-layout-9d6595d7 wp-block-columns-is-layout-flex\">\n<div class=\"wp-block-column is-layout-flow wp-block-column-is-layout-flow\">\n<p>Unser Unternehmen, die CTA Chemie- und Tankanlagenbau GmbH, ist ein langj\u00e4hriges und engagiertes Mitglied in vielen Verb\u00e4nden und Netzwerken.<\/p>\n\n\n\n<p><br>Au\u00dferdem unterst\u00fctzen wir als Sponsorpartner verschiedene regionale Sportvereine.<\/p>\n<\/div>\n\n\n\n<div class=\"wp-block-column is-layout-flow wp-block-column-is-layout-flow\"><\/div>\n<\/div>\n\n\n\n<hr class=\"wp-block-separator alignfull\"\/>\n\n\n\n<div class=\"wp-block-columns is-layout-flex wp-container-core-columns-is-layout-9d6595d7 wp-block-columns-is-layout-flex\">\n<div class=\"wp-block-column is-layout-flow wp-block-column-is-layout-flow\">\n<figure class=\"wp-block-image size-full\"><img loading=\"lazy\" decoding=\"async\" width=\"240\" height=\"64\" src=\"https:\/\/www.cta-tankbau.de\/wp-content\/uploads\/2019\/01\/dgzfp_logo.gif\" alt=\"\" class=\"wp-image-497\"\/><\/figure>\n\n\n\n<p>Deutsche Gesellschaft f\u00fcr Zerst\u00f6rungsfreie Pr\u00fcfung e.V.<\/p>\n<\/div>\n\n\n\n<div class=\"wp-block-column is-layout-flow wp-block-column-is-layout-flow\">\n<figure class=\"wp-block-image size-full\"><img loading=\"lazy\" decoding=\"async\" width=\"427\" height=\"157\" src=\"https:\/\/www.cta-tankbau.de\/wp-content\/uploads\/2019\/01\/dibt_logo.jpg\" alt=\"\" class=\"wp-image-498\" srcset=\"https:\/\/www.cta-tankbau.de\/wp-content\/uploads\/2019\/01\/dibt_logo.jpg 427w, https:\/\/www.cta-tankbau.de\/wp-content\/uploads\/2019\/01\/dibt_logo-300x110.jpg 300w\" sizes=\"auto, (max-width: 427px) 100vw, 427px\" \/><\/figure>\n\n\n\n<p>Deutsche Gesellschaft f\u00fcr Zerst\u00f6rungsfreie Pr\u00fcfung e.V.<\/p>\n<\/div>\n<\/div>\n\n\n\n<hr class=\"wp-block-separator alignfull\"\/>\n\n\n\n<div class=\"wp-block-columns is-layout-flex wp-container-core-columns-is-layout-9d6595d7 wp-block-columns-is-layout-flex\">\n<div class=\"wp-block-column is-layout-flow wp-block-column-is-layout-flow\">\n<figure class=\"wp-block-image size-full\"><img loading=\"lazy\" decoding=\"async\" width=\"120\" height=\"85\" src=\"https:\/\/www.cta-tankbau.de\/wp-content\/uploads\/2019\/01\/bl_logo.gif\" alt=\"\" class=\"wp-image-496\"\/><\/figure>\n\n\n\n<p>Bundesverband Lagerbeh\u00e4lter e.V.: Arbeitskreis Stahltanks<\/p>\n<\/div>\n\n\n\n<div class=\"wp-block-column is-layout-flow wp-block-column-is-layout-flow\">\n<figure class=\"wp-block-image size-full\"><img loading=\"lazy\" decoding=\"async\" width=\"113\" height=\"92\" src=\"https:\/\/www.cta-tankbau.de\/wp-content\/uploads\/2019\/01\/din_logo.jpg\" alt=\"\" class=\"wp-image-499\"\/><\/figure>\n\n\n\n<p>DIN \u2013 Normenausschuss Tankanlagen: NA 104-01-02 AA \u201eWerksgefertigte Metalltanks\u201c<br>DIN &#8211; Normenausschuss Tankanlagen: NA 104-01-05-02 AK &#8220;Flachboden-Stahltanks f\u00fcr die Lagerung von tiefkalt verfl\u00fcssigten Gasen&#8221;<br>DIN &#8211; Normenausschuss Tankanlagen: NA 104-01-02 AA &#8220;Werksgefertigte Metalltanks&#8221;<br>NA 104-01-05-01 AK &#8220;Flachboden-Stahltanks f\u00fcr die Lagerung von Fl\u00fcssigkeiten bei Umgebungstemperatur (EN 14015)&#8221;<br>NA 104-01-05-02 AK &#8220;Flachboden-Stahltanks f\u00fcr die Lagerung von tiefkalt verfl\u00fcssigten Gasen (EN 14620)&#8221;<\/p>\n<\/div>\n<\/div>\n","protected":false},"excerpt":{"rendered":"<p>Unser Unternehmen, die CTA Chemie- und Tankanlagenbau GmbH, ist ein langj\u00e4hriges und engagiertes Mitglied in vielen Verb\u00e4nden und Netzwerken. Au\u00dferdem unterst\u00fctzen wir als Sponsorpartner verschiedene regionale Sportvereine. Deutsche Gesellschaft f\u00fcr Zerst\u00f6rungsfreie Pr\u00fcfung e.V. Deutsche Gesellschaft f\u00fcr Zerst\u00f6rungsfreie Pr\u00fcfung e.V. Bundesverband Lagerbeh\u00e4lter e.V.: Arbeitskreis Stahltanks DIN \u2013 Normenausschuss Tankanlagen: NA 104-01-02 AA \u201eWerksgefertigte Metalltanks\u201cDIN &#8211; Normenausschuss [&hellip;]<\/p>\n","protected":false},"author":1,"featured_media":0,"parent":30,"menu_order":30,"comment_status":"closed","ping_status":"closed","template":"","meta":{"footnotes":""},"class_list":["post-67","page","type-page","status-publish","hentry"],"_links":{"self":[{"href":"https:\/\/www.cta-tankbau.de\/en\/wp-json\/wp\/v2\/pages\/67","targetHints":{"allow":["GET"]}}],"collection":[{"href":"https:\/\/www.cta-tankbau.de\/en\/wp-json\/wp\/v2\/pages"}],"about":[{"href":"https:\/\/www.cta-tankbau.de\/en\/wp-json\/wp\/v2\/types\/page"}],"author":[{"embeddable":true,"href":"https:\/\/www.cta-tankbau.de\/en\/wp-json\/wp\/v2\/users\/1"}],"replies":[{"embeddable":true,"href":"https:\/\/www.cta-tankbau.de\/en\/wp-json\/wp\/v2\/comments?post=67"}],"version-history":[{"count":29,"href":"https:\/\/www.cta-tankbau.de\/en\/wp-json\/wp\/v2\/pages\/67\/revisions"}],"predecessor-version":[{"id":707,"href":"https:\/\/www.cta-tankbau.de\/en\/wp-json\/wp\/v2\/pages\/67\/revisions\/707"}],"up":[{"embeddable":true,"href":"https:\/\/www.cta-tankbau.de\/en\/wp-json\/wp\/v2\/pages\/30"}],"wp:attachment":[{"href":"https:\/\/www.cta-tankbau.de\/en\/wp-json\/wp\/v2\/media?parent=67"}],"curies":[{"name":"wp","href":"https:\/\/api.w.org\/{rel}","templated":true}]}}